{"id":6224,"date":"2025-12-19T14:51:03","date_gmt":"2025-12-19T14:51:03","guid":{"rendered":"https:\/\/saigoncosmetics.henrydaiit.com\/?post_type=product&#038;p=6224"},"modified":"2026-02-26T13:32:17","modified_gmt":"2026-02-26T13:32:17","slug":"nuoc-hoa-notes-of-mekong-the-dark-forest","status":"publish","type":"product","link":"https:\/\/saigoncosmetics.com\/vi\/san-pham\/nuoc-hoa-notes-of-mekong-the-dark-forest\/","title":{"rendered":"Notes of Mekong &#8211; The Dark Forest"},"content":{"rendered":"<p><u><strong>\u0110\u1eb7c \u0111i\u1ec3m n\u1ed5i b\u1eadt:\u00a0<\/strong><\/u><\/p>\n<p><strong>Th\u01b0\u01a1ng hi\u1ec7u:<\/strong>\u00a0Notes Of Mekong<\/p>\n<p><strong>Dung t\u00edch:<\/strong>\u00a030ml<\/p>\n<p><strong>\u0110\u1ed9 l\u01b0u h\u01b0\u01a1ng:<\/strong>\u00a04 &#8211; 6 ti\u1ebfng<\/p>\n<p><strong>\u0110\u1ed9 to\u1ea3 h\u01b0\u01a1ng:<\/strong>\u00a0trung b\u00ecnh<\/p>\n<p><strong>Nh\u00f3m h\u01b0\u01a1ng:<\/strong>\u00a0h\u01b0\u01a1ng hoa, h\u01b0\u01a1ng g\u1ed7<\/p>\n<p><strong><u>M\u00f4 t\u1ea3 s\u1ea3n ph\u1ea9m:<\/u><\/strong><\/p>\n<p><strong>THE DARK FOREST\u00a0 &#8211;\u00a0<\/strong>Khi m\u1eb7t tr\u1eddi d\u1ea7n khu\u1ea5t sau r\u1eb7ng n\u00fai Sam, chuy\u1ebfn h\u00e0nh tr\u00ecnh kh\u00e1m ph\u00e1 d\u00e0nh cho nh\u1eefng k\u1ebb gan d\u1ea1 m\u1edbi th\u1eadt s\u1ef1 b\u1eaft \u0111\u1ea7u. H\u01b0\u01a1ng r\u00eau s\u1ed3i n\u1ed5i b\u1eadt gi\u1eefa kh\u00f4ng gian l\u1eb7ng thinh r\u1ed3i b\u1ed7ng ch\u1ed1c nh\u01b0 m\u1ed9t n\u1ed1t nh\u1ea1c v\u1ee5t s\u00e1ng gi\u1eefa tr\u1eddi \u0111\u00eam, nh\u1eefng tr\u00e1i c\u00e2y ch\u00edn qu\u1ea3 \u0111ua nhau chi\u00eau \u0111\u00e3i kh\u1ee9u gi\u00e1c. V\u00e0 nh\u01b0 m\u1ed9t ph\u1ea7n th\u01b0\u1edfng cho l\u00f2ng gan d\u1ea1, kho b\u00e1u c\u1ee7a m\u00f9i h\u01b0\u01a1ng cu\u1ed1i c\u00f9ng \u0111\u00e3 xu\u1ea5t hi\u1ec7n \u2013 long di\u00ean h\u01b0\u01a1ng! Th\u1ee9 h\u01b0\u01a1ng \u0111\u1eaft \u0111\u1ecf \u0111\u01b0\u1ee3c v\u00ed nh\u01b0 c\u1ef1c ph\u1ea9m m\u00f9i h\u01b0\u01a1ng b\u1ea5t ng\u1edd xu\u1ea5t hi\u1ec7n trong The Dark Forest nh\u01b0 m\u1ed9t chi\u1ebfc ngai v\u00e0ng \u0111\u1ea7y x\u1ee9ng \u0111\u00e1ng.<\/p>","protected":false},"excerpt":{"rendered":"<p>\u0110\u1eb7c \u0111i\u1ec3m n\u1ed5i b\u1eadt:\u00a0 Th\u01b0\u01a1ng hi\u1ec7u:\u00a0Notes Of Mekong Dung t\u00edch:\u00a030ml \u0110\u1ed9 l\u01b0u h\u01b0\u01a1ng:\u00a04 &#8211; 6 ti\u1ebfng \u0110\u1ed9 to\u1ea3 h\u01b0\u01a1ng:\u00a0trung b\u00ecnh Nh\u00f3m h\u01b0\u01a1ng:\u00a0h\u01b0\u01a1ng hoa, h\u01b0\u01a1ng g\u1ed7 M\u00f4 t\u1ea3 s\u1ea3n ph\u1ea9m: THE DARK FOREST\u00a0 &#8211;\u00a0Khi m\u1eb7t tr\u1eddi d\u1ea7n khu\u1ea5t sau r\u1eb7ng n\u00fai Sam, chuy\u1ebfn h\u00e0nh tr\u00ecnh kh\u00e1m ph\u00e1 d\u00e0nh cho nh\u1eefng k\u1ebb gan d\u1ea1 m\u1edbi th\u1eadt s\u1ef1 [&hellip;]<\/p>\n","protected":false},"featured_media":8792,"comment_status":"open","ping_status":"closed","template":"","meta":[],"product_cat":[145,150,142],"product_tag":[],"class_list":{"0":"post-6224","1":"product","2":"type-product","3":"status-publish","4":"has-post-thumbnail","6":"product_cat-premium-perfume","7":"product_cat-notes-of-mekong","8":"product_cat-fragrance-for-men","10":"first","11":"instock","12":"shipping-taxable","13":"product-type-external"},"yoast_head":"<!-- This site is optimized with the Yoast SEO plugin v27.1.1 - https:\/\/yoast.com\/product\/yoast-seo-wordpress\/ -->\n<title>Notes of Mekong - The Dark Forest - SCC<\/title>\n<meta name=\"robots\" content=\"index, follow, max-snippet:-1, max-image-preview:large, max-video-preview:-1\" \/>\n<link rel=\"canonical\" href=\"https:\/\/saigoncosmetics.com\/vi\/san-pham\/nuoc-hoa-notes-of-mekong-the-dark-forest\/\" \/>\n<meta property=\"og:locale\" content=\"vi_VN\" \/>\n<meta property=\"og:type\" content=\"article\" \/>\n<meta property=\"og:title\" content=\"Notes of Mekong - The Dark Forest - SCC\" \/>\n<meta property=\"og:description\" content=\"\u0110\u1eb7c \u0111i\u1ec3m n\u1ed5i b\u1eadt:\u00a0 Th\u01b0\u01a1ng hi\u1ec7u:\u00a0Notes Of Mekong Dung t\u00edch:\u00a030ml \u0110\u1ed9 l\u01b0u h\u01b0\u01a1ng:\u00a04 &#8211; 6 ti\u1ebfng \u0110\u1ed9 to\u1ea3 h\u01b0\u01a1ng:\u00a0trung b\u00ecnh Nh\u00f3m h\u01b0\u01a1ng:\u00a0h\u01b0\u01a1ng hoa, h\u01b0\u01a1ng g\u1ed7 M\u00f4 t\u1ea3 s\u1ea3n ph\u1ea9m: THE DARK FOREST\u00a0 &#8211;\u00a0Khi m\u1eb7t tr\u1eddi d\u1ea7n khu\u1ea5t sau r\u1eb7ng n\u00fai Sam, chuy\u1ebfn h\u00e0nh tr\u00ecnh kh\u00e1m ph\u00e1 d\u00e0nh cho nh\u1eefng k\u1ebb gan d\u1ea1 m\u1edbi th\u1eadt s\u1ef1 [&hellip;]\" \/>\n<meta property=\"og:url\" content=\"https:\/\/saigoncosmetics.com\/vi\/san-pham\/nuoc-hoa-notes-of-mekong-the-dark-forest\/\" \/>\n<meta property=\"og:site_name\" content=\"SCC\" \/>\n<meta property=\"article:modified_time\" content=\"2026-02-26T13:32:17+00:00\" \/>\n<meta property=\"og:image\" content=\"https:\/\/saigoncosmetics.com\/wp-content\/uploads\/2025\/12\/dark_forest_1_aed07ee2ac784e1c83f101ee34bb8e01_master-1800x1800-1.jpg\" \/>\n\t<meta property=\"og:image:width\" content=\"1800\" \/>\n\t<meta property=\"og:image:height\" content=\"1800\" \/>\n\t<meta property=\"og:image:type\" content=\"image\/jpeg\" \/>\n<meta name=\"twitter:card\" content=\"summary_large_image\" \/>\n<meta name=\"twitter:label1\" content=\"\u01af\u1edbc t\u00ednh th\u1eddi gian \u0111\u1ecdc\" \/>\n\t<meta name=\"twitter:data1\" content=\"1 ph\u00fat\" \/>\n<script type=\"application\/ld+json\" class=\"yoast-schema-graph\">{\"@context\":\"https:\/\/schema.org\",\"@graph\":[{\"@type\":\"WebPage\",\"@id\":\"https:\/\/saigoncosmetics.com\/product\/nuoc-hoa-notes-of-mekong-the-dark-forest\/\",\"url\":\"https:\/\/saigoncosmetics.com\/product\/nuoc-hoa-notes-of-mekong-the-dark-forest\/\",\"name\":\"Notes of Mekong - The Dark Forest - SCC\",\"isPartOf\":{\"@id\":\"https:\/\/saigoncosmetics.com\/#website\"},\"primaryImageOfPage\":{\"@id\":\"https:\/\/saigoncosmetics.com\/product\/nuoc-hoa-notes-of-mekong-the-dark-forest\/#primaryimage\"},\"image\":{\"@id\":\"https:\/\/saigoncosmetics.com\/product\/nuoc-hoa-notes-of-mekong-the-dark-forest\/#primaryimage\"},\"thumbnailUrl\":\"https:\/\/saigoncosmetics.com\/wp-content\/uploads\/2025\/12\/dark_forest_1_aed07ee2ac784e1c83f101ee34bb8e01_master-1800x1800-1.jpg\",\"datePublished\":\"2025-12-19T14:51:03+00:00\",\"dateModified\":\"2026-02-26T13:32:17+00:00\",\"breadcrumb\":{\"@id\":\"https:\/\/saigoncosmetics.com\/product\/nuoc-hoa-notes-of-mekong-the-dark-forest\/#breadcrumb\"},\"inLanguage\":\"vi\",\"potentialAction\":[{\"@type\":\"ReadAction\",\"target\":[\"https:\/\/saigoncosmetics.com\/product\/nuoc-hoa-notes-of-mekong-the-dark-forest\/\"]}]},{\"@type\":\"ImageObject\",\"inLanguage\":\"vi\",\"@id\":\"https:\/\/saigoncosmetics.com\/product\/nuoc-hoa-notes-of-mekong-the-dark-forest\/#primaryimage\",\"url\":\"https:\/\/saigoncosmetics.com\/wp-content\/uploads\/2025\/12\/dark_forest_1_aed07ee2ac784e1c83f101ee34bb8e01_master-1800x1800-1.jpg\",\"contentUrl\":\"https:\/\/saigoncosmetics.com\/wp-content\/uploads\/2025\/12\/dark_forest_1_aed07ee2ac784e1c83f101ee34bb8e01_master-1800x1800-1.jpg\",\"width\":1800,\"height\":1800},{\"@type\":\"BreadcrumbList\",\"@id\":\"https:\/\/saigoncosmetics.com\/product\/nuoc-hoa-notes-of-mekong-the-dark-forest\/#breadcrumb\",\"itemListElement\":[{\"@type\":\"ListItem\",\"position\":1,\"name\":\"Home\",\"item\":\"https:\/\/saigoncosmetics.com\/\"},{\"@type\":\"ListItem\",\"position\":2,\"name\":\"Shop\",\"item\":\"https:\/\/saigoncosmetics.com\/shop\/\"},{\"@type\":\"ListItem\",\"position\":3,\"name\":\"Notes of Mekong &#8211; The Dark Forest\"}]},{\"@type\":\"WebSite\",\"@id\":\"https:\/\/saigoncosmetics.com\/#website\",\"url\":\"https:\/\/saigoncosmetics.com\/\",\"name\":\"SCC\",\"description\":\"\",\"publisher\":{\"@id\":\"https:\/\/saigoncosmetics.com\/#organization\"},\"potentialAction\":[{\"@type\":\"SearchAction\",\"target\":{\"@type\":\"EntryPoint\",\"urlTemplate\":\"https:\/\/saigoncosmetics.com\/?s={search_term_string}\"},\"query-input\":{\"@type\":\"PropertyValueSpecification\",\"valueRequired\":true,\"valueName\":\"search_term_string\"}}],\"inLanguage\":\"vi\"},{\"@type\":\"Organization\",\"@id\":\"https:\/\/saigoncosmetics.com\/#organization\",\"name\":\"SCC\",\"url\":\"https:\/\/saigoncosmetics.com\/\",\"logo\":{\"@type\":\"ImageObject\",\"inLanguage\":\"vi\",\"@id\":\"https:\/\/saigoncosmetics.com\/#\/schema\/logo\/image\/\",\"url\":\"https:\/\/saigoncosmetics.com\/wp-content\/uploads\/2025\/12\/cropped-logo-1.png\",\"contentUrl\":\"https:\/\/saigoncosmetics.com\/wp-content\/uploads\/2025\/12\/cropped-logo-1.png\",\"width\":450,\"height\":183,\"caption\":\"SCC\"},\"image\":{\"@id\":\"https:\/\/saigoncosmetics.com\/#\/schema\/logo\/image\/\"}}]}<\/script>\n<!-- \/ Yoast SEO plugin. -->","yoast_head_json":{"title":"Notes of Mekong - The Dark Forest - SCC","robots":{"index":"index","follow":"follow","max-snippet":"max-snippet:-1","max-image-preview":"max-image-preview:large","max-video-preview":"max-video-preview:-1"},"canonical":"https:\/\/saigoncosmetics.com\/vi\/san-pham\/nuoc-hoa-notes-of-mekong-the-dark-forest\/","og_locale":"vi_VN","og_type":"article","og_title":"Notes of Mekong - The Dark Forest - SCC","og_description":"\u0110\u1eb7c \u0111i\u1ec3m n\u1ed5i b\u1eadt:\u00a0 Th\u01b0\u01a1ng hi\u1ec7u:\u00a0Notes Of Mekong Dung t\u00edch:\u00a030ml \u0110\u1ed9 l\u01b0u h\u01b0\u01a1ng:\u00a04 &#8211; 6 ti\u1ebfng \u0110\u1ed9 to\u1ea3 h\u01b0\u01a1ng:\u00a0trung b\u00ecnh Nh\u00f3m h\u01b0\u01a1ng:\u00a0h\u01b0\u01a1ng hoa, h\u01b0\u01a1ng g\u1ed7 M\u00f4 t\u1ea3 s\u1ea3n ph\u1ea9m: THE DARK FOREST\u00a0 &#8211;\u00a0Khi m\u1eb7t tr\u1eddi d\u1ea7n khu\u1ea5t sau r\u1eb7ng n\u00fai Sam, chuy\u1ebfn h\u00e0nh tr\u00ecnh kh\u00e1m ph\u00e1 d\u00e0nh cho nh\u1eefng k\u1ebb gan d\u1ea1 m\u1edbi th\u1eadt s\u1ef1 [&hellip;]","og_url":"https:\/\/saigoncosmetics.com\/vi\/san-pham\/nuoc-hoa-notes-of-mekong-the-dark-forest\/","og_site_name":"SCC","article_modified_time":"2026-02-26T13:32:17+00:00","og_image":[{"width":1800,"height":1800,"url":"https:\/\/saigoncosmetics.com\/wp-content\/uploads\/2025\/12\/dark_forest_1_aed07ee2ac784e1c83f101ee34bb8e01_master-1800x1800-1.jpg","type":"image\/jpeg"}],"twitter_card":"summary_large_image","twitter_misc":{"\u01af\u1edbc t\u00ednh th\u1eddi gian \u0111\u1ecdc":"1 ph\u00fat"},"schema":{"@context":"https:\/\/schema.org","@graph":[{"@type":"WebPage","@id":"https:\/\/saigoncosmetics.com\/product\/nuoc-hoa-notes-of-mekong-the-dark-forest\/","url":"https:\/\/saigoncosmetics.com\/product\/nuoc-hoa-notes-of-mekong-the-dark-forest\/","name":"Notes of Mekong - The Dark Forest - SCC","isPartOf":{"@id":"https:\/\/saigoncosmetics.com\/#website"},"primaryImageOfPage":{"@id":"https:\/\/saigoncosmetics.com\/product\/nuoc-hoa-notes-of-mekong-the-dark-forest\/#primaryimage"},"image":{"@id":"https:\/\/saigoncosmetics.com\/product\/nuoc-hoa-notes-of-mekong-the-dark-forest\/#primaryimage"},"thumbnailUrl":"https:\/\/saigoncosmetics.com\/wp-content\/uploads\/2025\/12\/dark_forest_1_aed07ee2ac784e1c83f101ee34bb8e01_master-1800x1800-1.jpg","datePublished":"2025-12-19T14:51:03+00:00","dateModified":"2026-02-26T13:32:17+00:00","breadcrumb":{"@id":"https:\/\/saigoncosmetics.com\/product\/nuoc-hoa-notes-of-mekong-the-dark-forest\/#breadcrumb"},"inLanguage":"vi","potentialAction":[{"@type":"ReadAction","target":["https:\/\/saigoncosmetics.com\/product\/nuoc-hoa-notes-of-mekong-the-dark-forest\/"]}]},{"@type":"ImageObject","inLanguage":"vi","@id":"https:\/\/saigoncosmetics.com\/product\/nuoc-hoa-notes-of-mekong-the-dark-forest\/#primaryimage","url":"https:\/\/saigoncosmetics.com\/wp-content\/uploads\/2025\/12\/dark_forest_1_aed07ee2ac784e1c83f101ee34bb8e01_master-1800x1800-1.jpg","contentUrl":"https:\/\/saigoncosmetics.com\/wp-content\/uploads\/2025\/12\/dark_forest_1_aed07ee2ac784e1c83f101ee34bb8e01_master-1800x1800-1.jpg","width":1800,"height":1800},{"@type":"BreadcrumbList","@id":"https:\/\/saigoncosmetics.com\/product\/nuoc-hoa-notes-of-mekong-the-dark-forest\/#breadcrumb","itemListElement":[{"@type":"ListItem","position":1,"name":"Home","item":"https:\/\/saigoncosmetics.com\/"},{"@type":"ListItem","position":2,"name":"Shop","item":"https:\/\/saigoncosmetics.com\/shop\/"},{"@type":"ListItem","position":3,"name":"Notes of Mekong &#8211; The Dark Forest"}]},{"@type":"WebSite","@id":"https:\/\/saigoncosmetics.com\/#website","url":"https:\/\/saigoncosmetics.com\/","name":"SCC","description":"","publisher":{"@id":"https:\/\/saigoncosmetics.com\/#organization"},"potentialAction":[{"@type":"SearchAction","target":{"@type":"EntryPoint","urlTemplate":"https:\/\/saigoncosmetics.com\/?s={search_term_string}"},"query-input":{"@type":"PropertyValueSpecification","valueRequired":true,"valueName":"search_term_string"}}],"inLanguage":"vi"},{"@type":"Organization","@id":"https:\/\/saigoncosmetics.com\/#organization","name":"SCC","url":"https:\/\/saigoncosmetics.com\/","logo":{"@type":"ImageObject","inLanguage":"vi","@id":"https:\/\/saigoncosmetics.com\/#\/schema\/logo\/image\/","url":"https:\/\/saigoncosmetics.com\/wp-content\/uploads\/2025\/12\/cropped-logo-1.png","contentUrl":"https:\/\/saigoncosmetics.com\/wp-content\/uploads\/2025\/12\/cropped-logo-1.png","width":450,"height":183,"caption":"SCC"},"image":{"@id":"https:\/\/saigoncosmetics.com\/#\/schema\/logo\/image\/"}}]}},"_links":{"self":[{"href":"https:\/\/saigoncosmetics.com\/vi\/wp-json\/wp\/v2\/product\/6224","targetHints":{"allow":["GET"]}}],"collection":[{"href":"https:\/\/saigoncosmetics.com\/vi\/wp-json\/wp\/v2\/product"}],"about":[{"href":"https:\/\/saigoncosmetics.com\/vi\/wp-json\/wp\/v2\/types\/product"}],"replies":[{"embeddable":true,"href":"https:\/\/saigoncosmetics.com\/vi\/wp-json\/wp\/v2\/comments?post=6224"}],"wp:featuredmedia":[{"embeddable":true,"href":"https:\/\/saigoncosmetics.com\/vi\/wp-json\/wp\/v2\/media\/8792"}],"wp:attachment":[{"href":"https:\/\/saigoncosmetics.com\/vi\/wp-json\/wp\/v2\/media?parent=6224"}],"wp:term":[{"taxonomy":"product_cat","embeddable":true,"href":"https:\/\/saigoncosmetics.com\/vi\/wp-json\/wp\/v2\/product_cat?post=6224"},{"taxonomy":"product_tag","embeddable":true,"href":"https:\/\/saigoncosmetics.com\/vi\/wp-json\/wp\/v2\/product_tag?post=6224"}],"curies":[{"name":"wp","href":"https:\/\/api.w.org\/{rel}","templated":true}]}}