{"id":6241,"date":"2025-12-19T15:05:05","date_gmt":"2025-12-19T15:05:05","guid":{"rendered":"https:\/\/saigoncosmetics.henrydaiit.com\/?post_type=product&#038;p=6241"},"modified":"2026-02-26T13:23:13","modified_gmt":"2026-02-26T13:23:13","slug":"nuoc-hoa-notes-of-mekong-the-source","status":"publish","type":"product","link":"https:\/\/saigoncosmetics.com\/vi\/san-pham\/nuoc-hoa-notes-of-mekong-the-source\/","title":{"rendered":"Notes of Mekong &#8211; The Source"},"content":{"rendered":"<h3>\u0110\u1eb7c \u0111i\u1ec3m n\u1ed5i b\u1eadt:<\/h3>\n<p><strong>Th\u01b0\u01a1ng hi\u1ec7u:<\/strong>\u00a0Notes Of Mekong<\/p>\n<p><strong>Dung t\u00edch:<\/strong>\u00a030ml<\/p>\n<p><strong>M\u00f9i h\u01b0\u01a1ng:<\/strong>\u00a0mang phong c\u00e1ch t\u01b0\u01a1i m\u1edbi, ng\u1ecdt thanh v\u00e0 tinh khi\u1ebft<\/p>\n<p><strong>\u0110\u1ed9 l\u01b0u h\u01b0\u01a1ng:<\/strong>\u00a04 &#8211; 6 ti\u1ebfng<\/p>\n<p><strong>\u0110\u1ed9 to\u1ea3 h\u01b0\u01a1ng:<\/strong>\u00a0trung b\u00ecnh<\/p>\n<p><strong>Nh\u00f3m h\u01b0\u01a1ng:<\/strong>\u00a0h\u01b0\u01a1ng hoa, h\u01b0\u01a1ng tr\u00e1i c\u00e2y<\/p>\n<h3>M\u00f4 t\u1ea3 s\u1ea3n ph\u1ea9m:<\/h3>\n<p>D\u00f2ng s\u1ea3n ph\u1ea9m \u0111\u01b0\u1ee3c l\u1ea5y c\u1ea3m h\u1ee9ng t\u1eeb d\u00f2ng s\u00f4ng Mekong v\u00e0 \u0111\u01b0\u1ee3c \u0111i\u1ec1u ch\u1ebf b\u1edfi nh\u00e0 \u0111i\u1ec1u h\u01b0\u01a1ng n\u1ed5i ti\u1ebfng Luc Berriet &#8211; chuy\u00ean gia h\u00e0ng \u0111\u1ea7u t\u1eeb Firmenich.<\/p>\n<p>M\u00f9i h\u01b0\u01a1ng c\u1ee7a n\u01b0\u1edbc hoa The Source l\u00e0 s\u1ef1 ho\u00e0 quy\u1ec7n t\u1eeb nh\u1eefng h\u01b0\u01a1ng th\u01a1m t\u01b0\u01a1i m\u00e1t, ng\u1ecdt thanh v\u1ecb n\u01b0\u1edbc \u00e9p tr\u00e1i c\u00e2y c\u00f9ng n\u00e9t t\u01b0\u01a1i t\u1eafn \u0111\u1eadm \u0111\u00e0 c\u1ee7a l\u00e1 xanh, hoa t\u01b0\u01a1i v\u00e0 g\u1ed7 \u01b0\u1edbt. Notes Of Mekong &#8211; The Source \u0111\u01b0\u1ee3c m\u1edf \u0111\u1ea7u b\u1edfi v\u1ecb ng\u1ecdt thanh, t\u01b0\u01a1i m\u1edbi c\u1ee7a h\u01b0\u01a1ng hoa c\u1ecf sau m\u01b0a v\u00e0 v\u1ea5n v\u01b0\u01a1ng b\u1edfi h\u01b0\u01a1ng g\u1ed7 \u1edf n\u1ed1t h\u01b0\u01a1ng cu\u1ed1i. T\u1ea5t c\u1ea3 t\u1ea1o n\u00ean m\u1ed9t m\u00f9i h\u01b0\u01a1ng t\u01b0\u01a1i m\u1edbi v\u00e0 l\u01b0u luy\u1ebfn kh\u00f3 qu\u00ean.<\/p>\n<h3>C\u00e1c t\u1ea7ng h\u01b0\u01a1ng<\/h3>\n<p><strong>H\u01b0\u01a1ng \u0111\u1ea7u:<\/strong>\u00a0l\u00e1 xanh, h\u01b0\u01a1ng tr\u00e1i c\u00e2y, t\u00e1o \u0111\u1ecf<\/p>\n<p><strong>H\u01b0\u01a1ng gi\u1eefa:<\/strong>\u00a0linh lan, hoa h\u1ed3ng, l\u00e1 violet, v\u1ecf \u0111\u00e0o,<\/p>\n<p><strong>H\u01b0\u01a1ng cu\u1ed1i<\/strong>: \u0111\u00e0n h\u01b0\u01a1ng, kem tr\u1eafng, x\u1ea1 h\u01b0\u01a1ng<\/p>\n<h3><strong>Thi\u1ebft k\u1ebf s\u1ea3n ph\u1ea9m<\/strong><\/h3>\n<p>Thi\u1ebft k\u1ebf h\u00ecnh kh\u1ed1i vu\u00f4ng v\u1eafn, \u0111\u01a1n gi\u1ea3n nh\u01b0ng v\u1eabn to\u00e1t l\u00ean s\u1ef1 thanh l\u1ecbch.<\/p>\n<h3>H\u01b0\u1edbng d\u1eabn s\u1eed d\u1ee5ng:<\/h3>\n<p>H\u01b0\u1edbng v\u00f2i x\u1ecbt v\u00e0o v\u1ecb tr\u00ed c\u1ea7n x\u1ecbt, c\u00e1ch c\u01a1 th\u1ec3 kho\u1ea3ng 15 &#8211; 20 cm.<\/p>\n<p>X\u1ecbt \u1edf nh\u1eefng v\u00f9ng c\u01a1 th\u1ec3 t\u1eadp trung nhi\u1ec1u m\u1ea1ch m\u00e1u, da \u1ea9m v\u00e0 nh\u1ea1y c\u1ea3m nh\u01b0 c\u1ed5 tay, sau g\u00e1y, gi\u1eefa ng\u1ef1c, \u0111\u1ec3 h\u01b0\u01a1ng th\u01a1m c\u00f3 th\u1ec3 khu\u1ebfch t\u00e1n \u0111\u1ed3ng th\u1eddi c\u0169ng gi\u1eef m\u00f9i \u0111\u01b0\u1ee3c l\u00e2u h\u01a1n.<\/p>\n<p>H\u1ea1n ch\u1ebf x\u1ecbt tr\u1ef1c ti\u1ebfp l\u00ean qu\u1ea7n \u00e1o v\u00e0 \u0111\u1ed3 trang s\u1ee9c. C\u1ea5t n\u01b0\u1edbc hoa \u1edf nh\u1eefng n\u01a1i tho\u00e1ng m\u00e1t, kh\u00f4ng b\u1ecb \u00e1nh n\u1eafng chi\u1ebfu tr\u1ef1c ti\u1ebfp v\u00e0o s\u1ebd gi\u00fap chai n\u01b0\u1edbc hoa kh\u00f4ng b\u1ecb bi\u1ebfn ch\u1ea5t, m\u1ea5t m\u00f9i.<\/p>\n<p><strong>L\u01b0u \u00fd:<\/strong>\u00a0\u0110\u1ed9 l\u01b0u h\u01b0\u01a1ng t\u00f9y v\u00e0o c\u01a1 \u0111\u1ecba m\u1ed7i ng\u01b0\u1eddi v\u00e0 ho\u00e0n c\u1ea3nh s\u1eed d\u1ee5ng. \u0110\u1ec3 tr\u00e1nh xa t\u1ea7m tay tr\u1ebb em.<\/p>","protected":false},"excerpt":{"rendered":"<p>\u0110\u1eb7c \u0111i\u1ec3m n\u1ed5i b\u1eadt: Th\u01b0\u01a1ng hi\u1ec7u:\u00a0Notes Of Mekong Dung t\u00edch:\u00a030ml M\u00f9i h\u01b0\u01a1ng:\u00a0mang phong c\u00e1ch t\u01b0\u01a1i m\u1edbi, ng\u1ecdt thanh v\u00e0 tinh khi\u1ebft \u0110\u1ed9 l\u01b0u h\u01b0\u01a1ng:\u00a04 &#8211; 6 ti\u1ebfng \u0110\u1ed9 to\u1ea3 h\u01b0\u01a1ng:\u00a0trung b\u00ecnh Nh\u00f3m h\u01b0\u01a1ng:\u00a0h\u01b0\u01a1ng hoa, h\u01b0\u01a1ng tr\u00e1i c\u00e2y M\u00f4 t\u1ea3 s\u1ea3n ph\u1ea9m: D\u00f2ng s\u1ea3n ph\u1ea9m \u0111\u01b0\u1ee3c l\u1ea5y c\u1ea3m h\u1ee9ng t\u1eeb d\u00f2ng s\u00f4ng Mekong v\u00e0 \u0111\u01b0\u1ee3c \u0111i\u1ec1u [&hellip;]<\/p>\n","protected":false},"featured_media":8790,"comment_status":"open","ping_status":"closed","template":"","meta":[],"product_cat":[145,150,142],"product_tag":[],"class_list":{"0":"post-6241","1":"product","2":"type-product","3":"status-publish","4":"has-post-thumbnail","6":"product_cat-premium-perfume","7":"product_cat-notes-of-mekong","8":"product_cat-fragrance-for-men","10":"first","11":"instock","12":"shipping-taxable","13":"product-type-external"},"yoast_head":"<!-- This site is optimized with the Yoast SEO plugin v27.1.1 - https:\/\/yoast.com\/product\/yoast-seo-wordpress\/ -->\n<title>Notes of Mekong - The Source - SCC<\/title>\n<meta name=\"robots\" content=\"index, follow, max-snippet:-1, max-image-preview:large, max-video-preview:-1\" \/>\n<link rel=\"canonical\" href=\"https:\/\/saigoncosmetics.com\/vi\/san-pham\/nuoc-hoa-notes-of-mekong-the-source\/\" \/>\n<meta property=\"og:locale\" content=\"vi_VN\" \/>\n<meta property=\"og:type\" content=\"article\" \/>\n<meta property=\"og:title\" content=\"Notes of Mekong - The Source - SCC\" \/>\n<meta property=\"og:description\" content=\"\u0110\u1eb7c \u0111i\u1ec3m n\u1ed5i b\u1eadt: Th\u01b0\u01a1ng hi\u1ec7u:\u00a0Notes Of Mekong Dung t\u00edch:\u00a030ml M\u00f9i h\u01b0\u01a1ng:\u00a0mang phong c\u00e1ch t\u01b0\u01a1i m\u1edbi, ng\u1ecdt thanh v\u00e0 tinh khi\u1ebft \u0110\u1ed9 l\u01b0u h\u01b0\u01a1ng:\u00a04 &#8211; 6 ti\u1ebfng \u0110\u1ed9 to\u1ea3 h\u01b0\u01a1ng:\u00a0trung b\u00ecnh Nh\u00f3m h\u01b0\u01a1ng:\u00a0h\u01b0\u01a1ng hoa, h\u01b0\u01a1ng tr\u00e1i c\u00e2y M\u00f4 t\u1ea3 s\u1ea3n ph\u1ea9m: D\u00f2ng s\u1ea3n ph\u1ea9m \u0111\u01b0\u1ee3c l\u1ea5y c\u1ea3m h\u1ee9ng t\u1eeb d\u00f2ng s\u00f4ng Mekong v\u00e0 \u0111\u01b0\u1ee3c \u0111i\u1ec1u [&hellip;]\" \/>\n<meta property=\"og:url\" content=\"https:\/\/saigoncosmetics.com\/vi\/san-pham\/nuoc-hoa-notes-of-mekong-the-source\/\" \/>\n<meta property=\"og:site_name\" content=\"SCC\" \/>\n<meta property=\"article:modified_time\" content=\"2026-02-26T13:23:13+00:00\" \/>\n<meta property=\"og:image\" content=\"https:\/\/saigoncosmetics.com\/wp-content\/uploads\/2025\/12\/nom_-_the_source_85412a0ce9534948b960b9b9bcc3ff90_master.jpg\" \/>\n\t<meta property=\"og:image:width\" content=\"2047\" \/>\n\t<meta property=\"og:image:height\" content=\"2048\" \/>\n\t<meta property=\"og:image:type\" content=\"image\/jpeg\" \/>\n<meta name=\"twitter:card\" content=\"summary_large_image\" \/>\n<meta name=\"twitter:label1\" content=\"\u01af\u1edbc t\u00ednh th\u1eddi gian \u0111\u1ecdc\" \/>\n\t<meta name=\"twitter:data1\" content=\"3 ph\u00fat\" \/>\n<script type=\"application\/ld+json\" class=\"yoast-schema-graph\">{\"@context\":\"https:\/\/schema.org\",\"@graph\":[{\"@type\":\"WebPage\",\"@id\":\"https:\/\/saigoncosmetics.com\/product\/nuoc-hoa-notes-of-mekong-the-source\/\",\"url\":\"https:\/\/saigoncosmetics.com\/product\/nuoc-hoa-notes-of-mekong-the-source\/\",\"name\":\"Notes of Mekong - The Source - SCC\",\"isPartOf\":{\"@id\":\"https:\/\/saigoncosmetics.com\/#website\"},\"primaryImageOfPage\":{\"@id\":\"https:\/\/saigoncosmetics.com\/product\/nuoc-hoa-notes-of-mekong-the-source\/#primaryimage\"},\"image\":{\"@id\":\"https:\/\/saigoncosmetics.com\/product\/nuoc-hoa-notes-of-mekong-the-source\/#primaryimage\"},\"thumbnailUrl\":\"https:\/\/saigoncosmetics.com\/wp-content\/uploads\/2025\/12\/nom_-_the_source_85412a0ce9534948b960b9b9bcc3ff90_master.jpg\",\"datePublished\":\"2025-12-19T15:05:05+00:00\",\"dateModified\":\"2026-02-26T13:23:13+00:00\",\"breadcrumb\":{\"@id\":\"https:\/\/saigoncosmetics.com\/product\/nuoc-hoa-notes-of-mekong-the-source\/#breadcrumb\"},\"inLanguage\":\"vi\",\"potentialAction\":[{\"@type\":\"ReadAction\",\"target\":[\"https:\/\/saigoncosmetics.com\/product\/nuoc-hoa-notes-of-mekong-the-source\/\"]}]},{\"@type\":\"ImageObject\",\"inLanguage\":\"vi\",\"@id\":\"https:\/\/saigoncosmetics.com\/product\/nuoc-hoa-notes-of-mekong-the-source\/#primaryimage\",\"url\":\"https:\/\/saigoncosmetics.com\/wp-content\/uploads\/2025\/12\/nom_-_the_source_85412a0ce9534948b960b9b9bcc3ff90_master.jpg\",\"contentUrl\":\"https:\/\/saigoncosmetics.com\/wp-content\/uploads\/2025\/12\/nom_-_the_source_85412a0ce9534948b960b9b9bcc3ff90_master.jpg\",\"width\":2047,\"height\":2048},{\"@type\":\"BreadcrumbList\",\"@id\":\"https:\/\/saigoncosmetics.com\/product\/nuoc-hoa-notes-of-mekong-the-source\/#breadcrumb\",\"itemListElement\":[{\"@type\":\"ListItem\",\"position\":1,\"name\":\"Home\",\"item\":\"https:\/\/saigoncosmetics.com\/\"},{\"@type\":\"ListItem\",\"position\":2,\"name\":\"Shop\",\"item\":\"https:\/\/saigoncosmetics.com\/shop\/\"},{\"@type\":\"ListItem\",\"position\":3,\"name\":\"Notes of Mekong &#8211; The Source\"}]},{\"@type\":\"WebSite\",\"@id\":\"https:\/\/saigoncosmetics.com\/#website\",\"url\":\"https:\/\/saigoncosmetics.com\/\",\"name\":\"SCC\",\"description\":\"\",\"publisher\":{\"@id\":\"https:\/\/saigoncosmetics.com\/#organization\"},\"potentialAction\":[{\"@type\":\"SearchAction\",\"target\":{\"@type\":\"EntryPoint\",\"urlTemplate\":\"https:\/\/saigoncosmetics.com\/?s={search_term_string}\"},\"query-input\":{\"@type\":\"PropertyValueSpecification\",\"valueRequired\":true,\"valueName\":\"search_term_string\"}}],\"inLanguage\":\"vi\"},{\"@type\":\"Organization\",\"@id\":\"https:\/\/saigoncosmetics.com\/#organization\",\"name\":\"SCC\",\"url\":\"https:\/\/saigoncosmetics.com\/\",\"logo\":{\"@type\":\"ImageObject\",\"inLanguage\":\"vi\",\"@id\":\"https:\/\/saigoncosmetics.com\/#\/schema\/logo\/image\/\",\"url\":\"https:\/\/saigoncosmetics.com\/wp-content\/uploads\/2025\/12\/cropped-logo-1.png\",\"contentUrl\":\"https:\/\/saigoncosmetics.com\/wp-content\/uploads\/2025\/12\/cropped-logo-1.png\",\"width\":450,\"height\":183,\"caption\":\"SCC\"},\"image\":{\"@id\":\"https:\/\/saigoncosmetics.com\/#\/schema\/logo\/image\/\"}}]}<\/script>\n<!-- \/ Yoast SEO plugin. -->","yoast_head_json":{"title":"Notes of Mekong - The Source - SCC","robots":{"index":"index","follow":"follow","max-snippet":"max-snippet:-1","max-image-preview":"max-image-preview:large","max-video-preview":"max-video-preview:-1"},"canonical":"https:\/\/saigoncosmetics.com\/vi\/san-pham\/nuoc-hoa-notes-of-mekong-the-source\/","og_locale":"vi_VN","og_type":"article","og_title":"Notes of Mekong - The Source - SCC","og_description":"\u0110\u1eb7c \u0111i\u1ec3m n\u1ed5i b\u1eadt: Th\u01b0\u01a1ng hi\u1ec7u:\u00a0Notes Of Mekong Dung t\u00edch:\u00a030ml M\u00f9i h\u01b0\u01a1ng:\u00a0mang phong c\u00e1ch t\u01b0\u01a1i m\u1edbi, ng\u1ecdt thanh v\u00e0 tinh khi\u1ebft \u0110\u1ed9 l\u01b0u h\u01b0\u01a1ng:\u00a04 &#8211; 6 ti\u1ebfng \u0110\u1ed9 to\u1ea3 h\u01b0\u01a1ng:\u00a0trung b\u00ecnh Nh\u00f3m h\u01b0\u01a1ng:\u00a0h\u01b0\u01a1ng hoa, h\u01b0\u01a1ng tr\u00e1i c\u00e2y M\u00f4 t\u1ea3 s\u1ea3n ph\u1ea9m: D\u00f2ng s\u1ea3n ph\u1ea9m \u0111\u01b0\u1ee3c l\u1ea5y c\u1ea3m h\u1ee9ng t\u1eeb d\u00f2ng s\u00f4ng Mekong v\u00e0 \u0111\u01b0\u1ee3c \u0111i\u1ec1u [&hellip;]","og_url":"https:\/\/saigoncosmetics.com\/vi\/san-pham\/nuoc-hoa-notes-of-mekong-the-source\/","og_site_name":"SCC","article_modified_time":"2026-02-26T13:23:13+00:00","og_image":[{"width":2047,"height":2048,"url":"https:\/\/saigoncosmetics.com\/wp-content\/uploads\/2025\/12\/nom_-_the_source_85412a0ce9534948b960b9b9bcc3ff90_master.jpg","type":"image\/jpeg"}],"twitter_card":"summary_large_image","twitter_misc":{"\u01af\u1edbc t\u00ednh th\u1eddi gian \u0111\u1ecdc":"3 ph\u00fat"},"schema":{"@context":"https:\/\/schema.org","@graph":[{"@type":"WebPage","@id":"https:\/\/saigoncosmetics.com\/product\/nuoc-hoa-notes-of-mekong-the-source\/","url":"https:\/\/saigoncosmetics.com\/product\/nuoc-hoa-notes-of-mekong-the-source\/","name":"Notes of Mekong - The Source - SCC","isPartOf":{"@id":"https:\/\/saigoncosmetics.com\/#website"},"primaryImageOfPage":{"@id":"https:\/\/saigoncosmetics.com\/product\/nuoc-hoa-notes-of-mekong-the-source\/#primaryimage"},"image":{"@id":"https:\/\/saigoncosmetics.com\/product\/nuoc-hoa-notes-of-mekong-the-source\/#primaryimage"},"thumbnailUrl":"https:\/\/saigoncosmetics.com\/wp-content\/uploads\/2025\/12\/nom_-_the_source_85412a0ce9534948b960b9b9bcc3ff90_master.jpg","datePublished":"2025-12-19T15:05:05+00:00","dateModified":"2026-02-26T13:23:13+00:00","breadcrumb":{"@id":"https:\/\/saigoncosmetics.com\/product\/nuoc-hoa-notes-of-mekong-the-source\/#breadcrumb"},"inLanguage":"vi","potentialAction":[{"@type":"ReadAction","target":["https:\/\/saigoncosmetics.com\/product\/nuoc-hoa-notes-of-mekong-the-source\/"]}]},{"@type":"ImageObject","inLanguage":"vi","@id":"https:\/\/saigoncosmetics.com\/product\/nuoc-hoa-notes-of-mekong-the-source\/#primaryimage","url":"https:\/\/saigoncosmetics.com\/wp-content\/uploads\/2025\/12\/nom_-_the_source_85412a0ce9534948b960b9b9bcc3ff90_master.jpg","contentUrl":"https:\/\/saigoncosmetics.com\/wp-content\/uploads\/2025\/12\/nom_-_the_source_85412a0ce9534948b960b9b9bcc3ff90_master.jpg","width":2047,"height":2048},{"@type":"BreadcrumbList","@id":"https:\/\/saigoncosmetics.com\/product\/nuoc-hoa-notes-of-mekong-the-source\/#breadcrumb","itemListElement":[{"@type":"ListItem","position":1,"name":"Home","item":"https:\/\/saigoncosmetics.com\/"},{"@type":"ListItem","position":2,"name":"Shop","item":"https:\/\/saigoncosmetics.com\/shop\/"},{"@type":"ListItem","position":3,"name":"Notes of Mekong &#8211; The Source"}]},{"@type":"WebSite","@id":"https:\/\/saigoncosmetics.com\/#website","url":"https:\/\/saigoncosmetics.com\/","name":"SCC","description":"","publisher":{"@id":"https:\/\/saigoncosmetics.com\/#organization"},"potentialAction":[{"@type":"SearchAction","target":{"@type":"EntryPoint","urlTemplate":"https:\/\/saigoncosmetics.com\/?s={search_term_string}"},"query-input":{"@type":"PropertyValueSpecification","valueRequired":true,"valueName":"search_term_string"}}],"inLanguage":"vi"},{"@type":"Organization","@id":"https:\/\/saigoncosmetics.com\/#organization","name":"SCC","url":"https:\/\/saigoncosmetics.com\/","logo":{"@type":"ImageObject","inLanguage":"vi","@id":"https:\/\/saigoncosmetics.com\/#\/schema\/logo\/image\/","url":"https:\/\/saigoncosmetics.com\/wp-content\/uploads\/2025\/12\/cropped-logo-1.png","contentUrl":"https:\/\/saigoncosmetics.com\/wp-content\/uploads\/2025\/12\/cropped-logo-1.png","width":450,"height":183,"caption":"SCC"},"image":{"@id":"https:\/\/saigoncosmetics.com\/#\/schema\/logo\/image\/"}}]}},"_links":{"self":[{"href":"https:\/\/saigoncosmetics.com\/vi\/wp-json\/wp\/v2\/product\/6241","targetHints":{"allow":["GET"]}}],"collection":[{"href":"https:\/\/saigoncosmetics.com\/vi\/wp-json\/wp\/v2\/product"}],"about":[{"href":"https:\/\/saigoncosmetics.com\/vi\/wp-json\/wp\/v2\/types\/product"}],"replies":[{"embeddable":true,"href":"https:\/\/saigoncosmetics.com\/vi\/wp-json\/wp\/v2\/comments?post=6241"}],"wp:featuredmedia":[{"embeddable":true,"href":"https:\/\/saigoncosmetics.com\/vi\/wp-json\/wp\/v2\/media\/8790"}],"wp:attachment":[{"href":"https:\/\/saigoncosmetics.com\/vi\/wp-json\/wp\/v2\/media?parent=6241"}],"wp:term":[{"taxonomy":"product_cat","embeddable":true,"href":"https:\/\/saigoncosmetics.com\/vi\/wp-json\/wp\/v2\/product_cat?post=6241"},{"taxonomy":"product_tag","embeddable":true,"href":"https:\/\/saigoncosmetics.com\/vi\/wp-json\/wp\/v2\/product_tag?post=6241"}],"curies":[{"name":"wp","href":"https:\/\/api.w.org\/{rel}","templated":true}]}}