{"id":6242,"date":"2025-12-19T15:07:32","date_gmt":"2025-12-19T15:07:32","guid":{"rendered":"https:\/\/saigoncosmetics.henrydaiit.com\/?post_type=product&#038;p=6242"},"modified":"2026-02-26T13:00:08","modified_gmt":"2026-02-26T13:00:08","slug":"nuoc-hoa-notes-of-mekong-the-delta","status":"publish","type":"product","link":"https:\/\/saigoncosmetics.com\/vi\/san-pham\/nuoc-hoa-notes-of-mekong-the-delta\/","title":{"rendered":"Notes of Mekong &#8211; The Delta"},"content":{"rendered":"<p>&nbsp;<\/p>\n<div id=\"product\" class=\"productDetail-page\">\n<div class=\"container\">\n<div class=\"row product-detail-wrapper\">\n<div class=\"col-md-12 col-sm-12 col-xs-12\">\n<div class=\"product-description\">\n<div class=\"description-content\">\n<div class=\"description-productdetail\">\n<h3>\u0110\u1eb7c \u0111i\u1ec3m n\u1ed5i b\u1eadt:<\/h3>\n<p><strong>Th\u01b0\u01a1ng hi\u1ec7u:<\/strong>\u00a0Notes Of Mekong<\/p>\n<p><strong>Dung t\u00edch:<\/strong>\u00a030ml<\/p>\n<p><strong>M\u00f9i h\u01b0\u01a1ng:<\/strong>\u00a0mang phong c\u00e1ch d\u1ecbu d\u00e0ng, thanh l\u1ecbch v\u00e0 ng\u1ecdt ng\u00e0o<\/p>\n<p><strong>\u0110\u1ed9 l\u01b0u h\u01b0\u01a1ng:\u00a0<\/strong>4 &#8211; 6 ti\u1ebfng<\/p>\n<p><strong>\u0110\u1ed9 to\u1ea3 h\u01b0\u01a1ng:\u00a0<\/strong>Trung b\u00ecnh<\/p>\n<p><strong>Nh\u00f3m h\u01b0\u01a1ng:<\/strong>\u00a0h\u01b0\u01a1ng hoa, h\u01b0\u01a1ng tr\u00e1i c\u00e2y, x\u1ea1 h\u01b0\u01a1ng<\/p>\n<h3>M\u00f4 t\u1ea3 s\u1ea3n ph\u1ea9m:<\/h3>\n<p>D\u00f2ng s\u1ea3n ph\u1ea9m \u0111\u01b0\u1ee3c l\u1ea5y c\u1ea3m h\u1ee9ng t\u1eeb d\u00f2ng s\u00f4ng Mekong v\u00e0 \u0111\u01b0\u1ee3c \u0111i\u1ec1u ch\u1ebf b\u1edfi nh\u00e0 \u0111i\u1ec1u h\u01b0\u01a1ng n\u1ed5i ti\u1ebfng Luc Berriet\u00a0\u2013 chuy\u00ean gia h\u00e0ng \u0111\u1ea7u t\u1eeb firmenich.<\/p>\n<p>The Delta l\u00e0 hi\u1ec7n th\u00e2n c\u1ee7a m\u1ed9t m\u00f9i h\u01b0\u01a1ng d\u1ecbu d\u00e0ng, ng\u1ecdt ng\u00e0o v\u00e0 thanh l\u1ecbch c\u1ee7a m\u1ed9t c\u00f4 g\u00e1i to\u1ea3 s\u1eafc, e \u1ea5p b\u00ean nh\u1eefng c\u00e1nh hoa. \u1ede n\u1ed1t h\u01b0\u01a1ng \u0111\u1ea7u, The Delta nh\u01b0 m\u1ed9t n\u00e0ng \u201cqu\u1ea3\u201d ng\u1ecdt l\u1ecbm tr\u00ean c\u00e0nh v\u00e0 d\u1ea7n d\u1ecbu d\u00e0ng l\u1ea1i nh\u01b0 h\u01b0\u01a1ng hoa m\u00f9a xu\u00e2n \u1edf n\u1ed1t h\u01b0\u01a1ng gi\u1eefa. \u0110\u1ec3 r\u1ed3i cu\u1ed1i c\u00f9ng k\u1ebft th\u00fac b\u1edfi h\u01b0\u01a1ng g\u1ed7 v\u00e0 h\u1ed5 ph\u00e1ch khi\u1ebfn the Delta v\u1eeba \u0111\u1ee7 d\u1ecbu d\u00e0ng nh\u01b0ng v\u1eabn thanh l\u1ecbch, ng\u1ea5t ng\u00e2y.<\/p>\n<h3>C\u00e1c t\u1ea7ng h\u01b0\u01a1ng<\/h3>\n<p><strong>H\u01b0\u01a1ng \u0111\u1ea7u:<\/strong>\u00a0tr\u00e0, c\u00e1nh hoa tr\u00e0, v\u1ea3i<\/p>\n<p><strong>H\u01b0\u01a1ng gi\u1eefa:<\/strong>\u00a0n\u01b0\u1edbc ng\u1ecdt, hoa h\u1ed3ng, m\u1eabu \u0111\u01a1n, m\u1ed9c lan<\/p>\n<p><strong>H\u01b0\u01a1ng cu\u1ed1i<\/strong>: g\u1ed7 tuy\u1ebft t\u00f9ng, h\u1ed5 ph\u00e1ch, x\u1ea1 h\u01b0\u01a1ng<\/p>\n<h3>Thi\u1ebft k\u1ebf s\u1ea3n ph\u1ea9m<\/h3>\n<p>Thi\u1ebft k\u1ebf h\u00ecnh kh\u1ed1i vu\u00f4ng v\u1eafn, \u0111\u01a1n gi\u1ea3n nh\u01b0ng v\u1eabn to\u00e1t l\u00ean s\u1ef1 thanh l\u1ecbch.<\/p>\n<h3>H\u01b0\u1edbng d\u1eabn s\u1eed d\u1ee5ng:<\/h3>\n<p>H\u01b0\u1edbng v\u00f2i x\u1ecbt v\u00e0o v\u1ecb tr\u00ed c\u1ea7n x\u1ecbt, c\u00e1ch c\u01a1 th\u1ec3 kho\u1ea3ng 15 &#8211; 20 cm.<\/p>\n<p>X\u1ecbt \u1edf nh\u1eefng v\u00f9ng c\u01a1 th\u1ec3 t\u1eadp trung nhi\u1ec1u m\u1ea1ch m\u00e1u, da \u1ea9m v\u00e0 nh\u1ea1y c\u1ea3m nh\u01b0 c\u1ed5 tay, sau g\u00e1y, gi\u1eefa ng\u1ef1c, \u0111\u1ec3 h\u01b0\u01a1ng th\u01a1m c\u00f3 th\u1ec3 khu\u1ebfch t\u00e1n \u0111\u1ed3ng th\u1eddi c\u0169ng gi\u1eef m\u00f9i \u0111\u01b0\u1ee3c l\u00e2u h\u01a1n.<\/p>\n<p>H\u1ea1n ch\u1ebf x\u1ecbt tr\u1ef1c ti\u1ebfp l\u00ean qu\u1ea7n \u00e1o v\u00e0 \u0111\u1ed3 trang s\u1ee9c. C\u1ea5t n\u01b0\u1edbc hoa \u1edf nh\u1eefng n\u01a1i tho\u00e1ng m\u00e1t, kh\u00f4ng b\u1ecb \u00e1nh n\u1eafng chi\u1ebfu tr\u1ef1c ti\u1ebfp v\u00e0o s\u1ebd gi\u00fap chai n\u01b0\u1edbc hoa kh\u00f4ng b\u1ecb bi\u1ebfn ch\u1ea5t, m\u1ea5t m\u00f9i.<\/p>\n<p><strong>L\u01b0u \u00fd:<\/strong>\u00a0\u0110\u1ed9 l\u01b0u h\u01b0\u01a1ng t\u00f9y v\u00e0o c\u01a1 \u0111\u1ecba m\u1ed7i ng\u01b0\u1eddi v\u00e0 ho\u00e0n c\u1ea3nh s\u1eed d\u1ee5ng. \u0110\u1ec3 tr\u00e1nh xa t\u1ea7m tay tr\u1ebb em.<\/p>\n<p>&nbsp;<\/p>\n<p>&nbsp;<\/p>\n<p>H\u01b0\u1edbng d\u1eabn b\u1ea3o qu\u1ea3n: B\u1ea3o qu\u1ea3n n\u01a1i kh\u00f4 r\u00e1o, tho\u00e1ng m\u00e1t.<br \/>\nKh\u00f4ng \u0111\u1ec3 n\u01a1i c\u00f3 nhi\u1ec7t \u0111\u1ed9 cao. Tr\u00e1nh \u00e1nh s\u00e1ng tr\u1ef1c ti\u1ebfp.<\/p>\n<p>L\u01b0u \u00fd: D\u1ec5 ch\u00e1y. Kh\u00f4ng \u0111\u01b0\u1ee3c x\u1ecbt v\u00e0o m\u1eaft. \u0110\u1ec3 ngo\u00e0i t\u00e2m tay tr\u00e8 em.<\/p>\n<p>Directions: Hold bottle at least 3 inches from body and spray.<\/p>\n<p>Storages:Store in cool dry place. Keep away from heat orflame.Avoid direct light.<\/p>\n<p>Cautions: Flammable. Do not spray near eyes.<\/p>\n<p>Keep out of reach of children.<\/p>\n<p>Th\u00e0nh ph\u1ea9n\/Ingredients: Alcohol, Fragrance, Water.<\/p>\n<p>Th\u00ea tich thuc\/Net contents:30 ml\/1.o fl.oz<\/p>\n<p>Ch\u1ecbu tr\u00e1ch nhi\u1ec7m \u0111\u01b0a s\u1ea3n ph\u1ea9m ra th\u1ecb tru\u00f2ng:<\/p>\n<p>C\u00d4NG TY C\u00d4 PH\u1ea6N M\u1ef8 PH\u1ea8M S\u00c0I G\u00d2N<\/p>\n<p>930 Nguyen Thi \u0110\u1ecbnh,Khu C\u00f4ng nghi\u00eap C\u00e1t L\u00e1i (Cum II),<br \/>\nPh\u01b0\u1eddng Th\u1ea1nh My Loi, Th\u00e0nh ph\u00f4 Thu D\u00fac,<br \/>\nTh\u00e0nh pho H\u1ed3 Ch\u00ed Minh,Vi\u1ec7t Nam.<br \/>\nS\u1ea3n xu\u1ea5t tai Vi\u00eat Nam.<br \/>\nManufactured\u00a0by:<br \/>\nC\u00d4NG TY M\u1ef8 PH\u1ea8M S\u00c0I G\u00d2N<br \/>\n930 Nguyen Thi Dinh Street,Cat Lai Industrial Zone (Block II),<br \/>\nThanh My Loi Ward,Thu Duc City,Ho Chi Minh City,Vietnam.<br \/>\nMade in Vietnam.<\/p>\n<\/div>\n<\/div>\n<\/div>\n<\/div>\n<\/div>\n<\/div>\n<\/div>\n<p>&nbsp;<\/p>\n<section class=\"container section wrapper-info-maps screen-relative margin-top-60-a\">\n<div class=\"inner-info-maps\"><\/div>\n<\/section>","protected":false},"excerpt":{"rendered":"<p>&nbsp; \u0110\u1eb7c \u0111i\u1ec3m n\u1ed5i b\u1eadt: Th\u01b0\u01a1ng hi\u1ec7u:\u00a0Notes Of Mekong Dung t\u00edch:\u00a030ml M\u00f9i h\u01b0\u01a1ng:\u00a0mang phong c\u00e1ch d\u1ecbu d\u00e0ng, thanh l\u1ecbch v\u00e0 ng\u1ecdt ng\u00e0o \u0110\u1ed9 l\u01b0u h\u01b0\u01a1ng:\u00a04 &#8211; 6 ti\u1ebfng \u0110\u1ed9 to\u1ea3 h\u01b0\u01a1ng:\u00a0Trung b\u00ecnh Nh\u00f3m h\u01b0\u01a1ng:\u00a0h\u01b0\u01a1ng hoa, h\u01b0\u01a1ng tr\u00e1i c\u00e2y, x\u1ea1 h\u01b0\u01a1ng M\u00f4 t\u1ea3 s\u1ea3n ph\u1ea9m: D\u00f2ng s\u1ea3n ph\u1ea9m \u0111\u01b0\u1ee3c l\u1ea5y c\u1ea3m h\u1ee9ng t\u1eeb d\u00f2ng s\u00f4ng Mekong [&hellip;]<\/p>\n","protected":false},"featured_media":8789,"comment_status":"open","ping_status":"closed","template":"","meta":[],"product_cat":[145,150,142],"product_tag":[],"class_list":{"0":"post-6242","1":"product","2":"type-product","3":"status-publish","4":"has-post-thumbnail","6":"product_cat-premium-perfume","7":"product_cat-notes-of-mekong","8":"product_cat-fragrance-for-men","10":"first","11":"instock","12":"shipping-taxable","13":"product-type-external"},"yoast_head":"<!-- This site is optimized with the Yoast SEO plugin v27.1.1 - https:\/\/yoast.com\/product\/yoast-seo-wordpress\/ -->\n<title>Notes of Mekong - The Delta - SCC<\/title>\n<meta name=\"robots\" content=\"index, follow, max-snippet:-1, max-image-preview:large, max-video-preview:-1\" \/>\n<link rel=\"canonical\" href=\"https:\/\/saigoncosmetics.com\/vi\/san-pham\/nuoc-hoa-notes-of-mekong-the-delta\/\" \/>\n<meta property=\"og:locale\" content=\"vi_VN\" \/>\n<meta property=\"og:type\" content=\"article\" \/>\n<meta property=\"og:title\" content=\"Notes of Mekong - The Delta - SCC\" \/>\n<meta property=\"og:description\" content=\"&nbsp; \u0110\u1eb7c \u0111i\u1ec3m n\u1ed5i b\u1eadt: Th\u01b0\u01a1ng hi\u1ec7u:\u00a0Notes Of Mekong Dung t\u00edch:\u00a030ml M\u00f9i h\u01b0\u01a1ng:\u00a0mang phong c\u00e1ch d\u1ecbu d\u00e0ng, thanh l\u1ecbch v\u00e0 ng\u1ecdt ng\u00e0o \u0110\u1ed9 l\u01b0u h\u01b0\u01a1ng:\u00a04 &#8211; 6 ti\u1ebfng \u0110\u1ed9 to\u1ea3 h\u01b0\u01a1ng:\u00a0Trung b\u00ecnh Nh\u00f3m h\u01b0\u01a1ng:\u00a0h\u01b0\u01a1ng hoa, h\u01b0\u01a1ng tr\u00e1i c\u00e2y, x\u1ea1 h\u01b0\u01a1ng M\u00f4 t\u1ea3 s\u1ea3n ph\u1ea9m: D\u00f2ng s\u1ea3n ph\u1ea9m \u0111\u01b0\u1ee3c l\u1ea5y c\u1ea3m h\u1ee9ng t\u1eeb d\u00f2ng s\u00f4ng Mekong [&hellip;]\" \/>\n<meta property=\"og:url\" content=\"https:\/\/saigoncosmetics.com\/vi\/san-pham\/nuoc-hoa-notes-of-mekong-the-delta\/\" \/>\n<meta property=\"og:site_name\" content=\"SCC\" \/>\n<meta property=\"article:modified_time\" content=\"2026-02-26T13:00:08+00:00\" \/>\n<meta property=\"og:image\" content=\"https:\/\/saigoncosmetics.com\/wp-content\/uploads\/2025\/12\/delta1a_680d1fbd19bf42228f3abab50d0bd312_master.jpg\" \/>\n\t<meta property=\"og:image:width\" content=\"772\" \/>\n\t<meta property=\"og:image:height\" content=\"772\" \/>\n\t<meta property=\"og:image:type\" content=\"image\/jpeg\" \/>\n<meta name=\"twitter:card\" content=\"summary_large_image\" \/>\n<meta name=\"twitter:label1\" content=\"\u01af\u1edbc t\u00ednh th\u1eddi gian \u0111\u1ecdc\" \/>\n\t<meta name=\"twitter:data1\" content=\"4 ph\u00fat\" \/>\n<script type=\"application\/ld+json\" class=\"yoast-schema-graph\">{\"@context\":\"https:\/\/schema.org\",\"@graph\":[{\"@type\":\"WebPage\",\"@id\":\"https:\/\/saigoncosmetics.com\/product\/nuoc-hoa-notes-of-mekong-the-delta\/\",\"url\":\"https:\/\/saigoncosmetics.com\/product\/nuoc-hoa-notes-of-mekong-the-delta\/\",\"name\":\"Notes of Mekong - The Delta - SCC\",\"isPartOf\":{\"@id\":\"https:\/\/saigoncosmetics.com\/#website\"},\"primaryImageOfPage\":{\"@id\":\"https:\/\/saigoncosmetics.com\/product\/nuoc-hoa-notes-of-mekong-the-delta\/#primaryimage\"},\"image\":{\"@id\":\"https:\/\/saigoncosmetics.com\/product\/nuoc-hoa-notes-of-mekong-the-delta\/#primaryimage\"},\"thumbnailUrl\":\"https:\/\/saigoncosmetics.com\/wp-content\/uploads\/2025\/12\/delta1a_680d1fbd19bf42228f3abab50d0bd312_master.jpg\",\"datePublished\":\"2025-12-19T15:07:32+00:00\",\"dateModified\":\"2026-02-26T13:00:08+00:00\",\"breadcrumb\":{\"@id\":\"https:\/\/saigoncosmetics.com\/product\/nuoc-hoa-notes-of-mekong-the-delta\/#breadcrumb\"},\"inLanguage\":\"vi\",\"potentialAction\":[{\"@type\":\"ReadAction\",\"target\":[\"https:\/\/saigoncosmetics.com\/product\/nuoc-hoa-notes-of-mekong-the-delta\/\"]}]},{\"@type\":\"ImageObject\",\"inLanguage\":\"vi\",\"@id\":\"https:\/\/saigoncosmetics.com\/product\/nuoc-hoa-notes-of-mekong-the-delta\/#primaryimage\",\"url\":\"https:\/\/saigoncosmetics.com\/wp-content\/uploads\/2025\/12\/delta1a_680d1fbd19bf42228f3abab50d0bd312_master.jpg\",\"contentUrl\":\"https:\/\/saigoncosmetics.com\/wp-content\/uploads\/2025\/12\/delta1a_680d1fbd19bf42228f3abab50d0bd312_master.jpg\",\"width\":772,\"height\":772},{\"@type\":\"BreadcrumbList\",\"@id\":\"https:\/\/saigoncosmetics.com\/product\/nuoc-hoa-notes-of-mekong-the-delta\/#breadcrumb\",\"itemListElement\":[{\"@type\":\"ListItem\",\"position\":1,\"name\":\"Home\",\"item\":\"https:\/\/saigoncosmetics.com\/\"},{\"@type\":\"ListItem\",\"position\":2,\"name\":\"Shop\",\"item\":\"https:\/\/saigoncosmetics.com\/shop\/\"},{\"@type\":\"ListItem\",\"position\":3,\"name\":\"Notes of Mekong &#8211; The Delta\"}]},{\"@type\":\"WebSite\",\"@id\":\"https:\/\/saigoncosmetics.com\/#website\",\"url\":\"https:\/\/saigoncosmetics.com\/\",\"name\":\"SCC\",\"description\":\"\",\"publisher\":{\"@id\":\"https:\/\/saigoncosmetics.com\/#organization\"},\"potentialAction\":[{\"@type\":\"SearchAction\",\"target\":{\"@type\":\"EntryPoint\",\"urlTemplate\":\"https:\/\/saigoncosmetics.com\/?s={search_term_string}\"},\"query-input\":{\"@type\":\"PropertyValueSpecification\",\"valueRequired\":true,\"valueName\":\"search_term_string\"}}],\"inLanguage\":\"vi\"},{\"@type\":\"Organization\",\"@id\":\"https:\/\/saigoncosmetics.com\/#organization\",\"name\":\"SCC\",\"url\":\"https:\/\/saigoncosmetics.com\/\",\"logo\":{\"@type\":\"ImageObject\",\"inLanguage\":\"vi\",\"@id\":\"https:\/\/saigoncosmetics.com\/#\/schema\/logo\/image\/\",\"url\":\"https:\/\/saigoncosmetics.com\/wp-content\/uploads\/2025\/12\/cropped-logo-1.png\",\"contentUrl\":\"https:\/\/saigoncosmetics.com\/wp-content\/uploads\/2025\/12\/cropped-logo-1.png\",\"width\":450,\"height\":183,\"caption\":\"SCC\"},\"image\":{\"@id\":\"https:\/\/saigoncosmetics.com\/#\/schema\/logo\/image\/\"}}]}<\/script>\n<!-- \/ Yoast SEO plugin. -->","yoast_head_json":{"title":"Notes of Mekong - The Delta - SCC","robots":{"index":"index","follow":"follow","max-snippet":"max-snippet:-1","max-image-preview":"max-image-preview:large","max-video-preview":"max-video-preview:-1"},"canonical":"https:\/\/saigoncosmetics.com\/vi\/san-pham\/nuoc-hoa-notes-of-mekong-the-delta\/","og_locale":"vi_VN","og_type":"article","og_title":"Notes of Mekong - The Delta - SCC","og_description":"&nbsp; \u0110\u1eb7c \u0111i\u1ec3m n\u1ed5i b\u1eadt: Th\u01b0\u01a1ng hi\u1ec7u:\u00a0Notes Of Mekong Dung t\u00edch:\u00a030ml M\u00f9i h\u01b0\u01a1ng:\u00a0mang phong c\u00e1ch d\u1ecbu d\u00e0ng, thanh l\u1ecbch v\u00e0 ng\u1ecdt ng\u00e0o \u0110\u1ed9 l\u01b0u h\u01b0\u01a1ng:\u00a04 &#8211; 6 ti\u1ebfng \u0110\u1ed9 to\u1ea3 h\u01b0\u01a1ng:\u00a0Trung b\u00ecnh Nh\u00f3m h\u01b0\u01a1ng:\u00a0h\u01b0\u01a1ng hoa, h\u01b0\u01a1ng tr\u00e1i c\u00e2y, x\u1ea1 h\u01b0\u01a1ng M\u00f4 t\u1ea3 s\u1ea3n ph\u1ea9m: D\u00f2ng s\u1ea3n ph\u1ea9m \u0111\u01b0\u1ee3c l\u1ea5y c\u1ea3m h\u1ee9ng t\u1eeb d\u00f2ng s\u00f4ng Mekong [&hellip;]","og_url":"https:\/\/saigoncosmetics.com\/vi\/san-pham\/nuoc-hoa-notes-of-mekong-the-delta\/","og_site_name":"SCC","article_modified_time":"2026-02-26T13:00:08+00:00","og_image":[{"width":772,"height":772,"url":"https:\/\/saigoncosmetics.com\/wp-content\/uploads\/2025\/12\/delta1a_680d1fbd19bf42228f3abab50d0bd312_master.jpg","type":"image\/jpeg"}],"twitter_card":"summary_large_image","twitter_misc":{"\u01af\u1edbc t\u00ednh th\u1eddi gian \u0111\u1ecdc":"4 ph\u00fat"},"schema":{"@context":"https:\/\/schema.org","@graph":[{"@type":"WebPage","@id":"https:\/\/saigoncosmetics.com\/product\/nuoc-hoa-notes-of-mekong-the-delta\/","url":"https:\/\/saigoncosmetics.com\/product\/nuoc-hoa-notes-of-mekong-the-delta\/","name":"Notes of Mekong - The Delta - SCC","isPartOf":{"@id":"https:\/\/saigoncosmetics.com\/#website"},"primaryImageOfPage":{"@id":"https:\/\/saigoncosmetics.com\/product\/nuoc-hoa-notes-of-mekong-the-delta\/#primaryimage"},"image":{"@id":"https:\/\/saigoncosmetics.com\/product\/nuoc-hoa-notes-of-mekong-the-delta\/#primaryimage"},"thumbnailUrl":"https:\/\/saigoncosmetics.com\/wp-content\/uploads\/2025\/12\/delta1a_680d1fbd19bf42228f3abab50d0bd312_master.jpg","datePublished":"2025-12-19T15:07:32+00:00","dateModified":"2026-02-26T13:00:08+00:00","breadcrumb":{"@id":"https:\/\/saigoncosmetics.com\/product\/nuoc-hoa-notes-of-mekong-the-delta\/#breadcrumb"},"inLanguage":"vi","potentialAction":[{"@type":"ReadAction","target":["https:\/\/saigoncosmetics.com\/product\/nuoc-hoa-notes-of-mekong-the-delta\/"]}]},{"@type":"ImageObject","inLanguage":"vi","@id":"https:\/\/saigoncosmetics.com\/product\/nuoc-hoa-notes-of-mekong-the-delta\/#primaryimage","url":"https:\/\/saigoncosmetics.com\/wp-content\/uploads\/2025\/12\/delta1a_680d1fbd19bf42228f3abab50d0bd312_master.jpg","contentUrl":"https:\/\/saigoncosmetics.com\/wp-content\/uploads\/2025\/12\/delta1a_680d1fbd19bf42228f3abab50d0bd312_master.jpg","width":772,"height":772},{"@type":"BreadcrumbList","@id":"https:\/\/saigoncosmetics.com\/product\/nuoc-hoa-notes-of-mekong-the-delta\/#breadcrumb","itemListElement":[{"@type":"ListItem","position":1,"name":"Home","item":"https:\/\/saigoncosmetics.com\/"},{"@type":"ListItem","position":2,"name":"Shop","item":"https:\/\/saigoncosmetics.com\/shop\/"},{"@type":"ListItem","position":3,"name":"Notes of Mekong &#8211; The Delta"}]},{"@type":"WebSite","@id":"https:\/\/saigoncosmetics.com\/#website","url":"https:\/\/saigoncosmetics.com\/","name":"SCC","description":"","publisher":{"@id":"https:\/\/saigoncosmetics.com\/#organization"},"potentialAction":[{"@type":"SearchAction","target":{"@type":"EntryPoint","urlTemplate":"https:\/\/saigoncosmetics.com\/?s={search_term_string}"},"query-input":{"@type":"PropertyValueSpecification","valueRequired":true,"valueName":"search_term_string"}}],"inLanguage":"vi"},{"@type":"Organization","@id":"https:\/\/saigoncosmetics.com\/#organization","name":"SCC","url":"https:\/\/saigoncosmetics.com\/","logo":{"@type":"ImageObject","inLanguage":"vi","@id":"https:\/\/saigoncosmetics.com\/#\/schema\/logo\/image\/","url":"https:\/\/saigoncosmetics.com\/wp-content\/uploads\/2025\/12\/cropped-logo-1.png","contentUrl":"https:\/\/saigoncosmetics.com\/wp-content\/uploads\/2025\/12\/cropped-logo-1.png","width":450,"height":183,"caption":"SCC"},"image":{"@id":"https:\/\/saigoncosmetics.com\/#\/schema\/logo\/image\/"}}]}},"_links":{"self":[{"href":"https:\/\/saigoncosmetics.com\/vi\/wp-json\/wp\/v2\/product\/6242","targetHints":{"allow":["GET"]}}],"collection":[{"href":"https:\/\/saigoncosmetics.com\/vi\/wp-json\/wp\/v2\/product"}],"about":[{"href":"https:\/\/saigoncosmetics.com\/vi\/wp-json\/wp\/v2\/types\/product"}],"replies":[{"embeddable":true,"href":"https:\/\/saigoncosmetics.com\/vi\/wp-json\/wp\/v2\/comments?post=6242"}],"wp:featuredmedia":[{"embeddable":true,"href":"https:\/\/saigoncosmetics.com\/vi\/wp-json\/wp\/v2\/media\/8789"}],"wp:attachment":[{"href":"https:\/\/saigoncosmetics.com\/vi\/wp-json\/wp\/v2\/media?parent=6242"}],"wp:term":[{"taxonomy":"product_cat","embeddable":true,"href":"https:\/\/saigoncosmetics.com\/vi\/wp-json\/wp\/v2\/product_cat?post=6242"},{"taxonomy":"product_tag","embeddable":true,"href":"https:\/\/saigoncosmetics.com\/vi\/wp-json\/wp\/v2\/product_tag?post=6242"}],"curies":[{"name":"wp","href":"https:\/\/api.w.org\/{rel}","templated":true}]}}