{"id":6277,"date":"2025-12-19T16:56:55","date_gmt":"2025-12-19T16:56:55","guid":{"rendered":"https:\/\/saigoncosmetics.henrydaiit.com\/?post_type=product&#038;p=6277"},"modified":"2026-02-26T14:02:58","modified_gmt":"2026-02-26T14:02:58","slug":"nuoc-hoa-miss-vietnam-hanoi-n29","status":"publish","type":"product","link":"https:\/\/saigoncosmetics.com\/vi\/san-pham\/nuoc-hoa-miss-vietnam-hanoi-n29\/","title":{"rendered":"Miss Vietnam Hanoi"},"content":{"rendered":"<h3>\u0110\u1eb7c \u0111i\u1ec3m n\u1ed5i b\u1eadt<\/h3>\n<p><strong>Th\u01b0\u01a1ng hi\u1ec7u:<\/strong>\u00a0Miss Vietnam<\/p>\n<p><strong>Dung t\u00edch:<\/strong>\u00a035ml<\/p>\n<p><strong>M\u00f9i h\u01b0\u01a1ng:<\/strong>\u00a0mang phong c\u00e1ch quy\u1ebfn r\u0169<\/p>\n<p><strong>\u0110\u1ed9 l\u01b0u h\u01b0\u01a1ng:<\/strong>\u00a06 &#8211; 8 ti\u1ebfng<\/p>\n<p><strong>\u0110\u1ed9 to\u1ea3 h\u01b0\u01a1ng:\u00a0<\/strong>b\u00e1n k\u00ednh 2 m\u00e9t<\/p>\n<p><strong>Nh\u00f3m h\u01b0\u01a1ng:\u00a0<\/strong>h\u01b0\u01a1ng\u00a0hoa, h\u01b0\u01a1ng tr\u00e1i c\u00e2y, x\u1ea1 h\u01b0\u01a1ng<\/p>\n<h3>M\u00f4 t\u1ea3 s\u1ea3n ph\u1ea9m<\/h3>\n<p>N\u01b0\u1edbc hoa n\u1eef Miss Vietnam \u2013 Hanoi n\u1eb1m trong b\u1ed9 s\u01b0u t\u1eadp n\u01b0\u1edbc hoa cao c\u1ea5p Miss Vietnam c\u00f3 nguy\u00ean li\u1ec7u \u0111\u01b0\u1ee3c nh\u1eadp kh\u1ea9u 100% t\u1eeb c\u00e1c c\u00f4ng ty h\u01b0\u01a1ng li\u1ec7u n\u01b0\u1edbc hoa n\u1ed5i ti\u00eang tr\u00ean th\u1ebf gi\u1edbi. \u0110\u00e2y l\u00e0 m\u1ed9t d\u00f2ng s\u1ea3n ph\u1ea9m mang \u0111\u1eadm v\u0103n h\u00f3a Vi\u1ec7t Nam.<\/p>\n<p>N\u01b0\u1edbc hoa Miss Vietnam &#8211; Hanoi (N29)\u00a0mang d\u00e1ng d\u1ea5p c\u1ee7a c\u00f4 thi\u1ebfu n\u1eef H\u00e0 Th\u00e0nh v\u1edbi t\u00e0 \u00e1o d\u00e0i t\u1ee9 th\u00e2n, tr\u00ean \u0111\u1ea7u \u0111\u1ed9i chi\u1ebfc n\u00f3n quai thao duy\u00ean d\u00e1ng. B\u1ea1n s\u1ebd c\u1ea3m nh\u1eadn ngay \u0111\u01b0\u1ee3c m\u1ed9t s\u1ef1 y\u00eau ki\u1ec1u, k\u00edn \u0111\u00e1o v\u00e0 n\u1ee5 c\u01b0\u1eddi m\u1ebfn kh\u00e1ch c\u1ee7a ng\u01b0\u1eddi H\u00e0 N\u1ed9i th\u00f4ng qua s\u1ea3n ph\u1ea9m. H\u01b0\u01a1ng th\u01a1m ng\u1ecdt ng\u00e0o c\u1ee7a tr\u00e1i c\u00e2y \u0111\u01b0\u1ee3c ph\u1ed1i h\u1ee3p h\u00e0i h\u00f2a v\u1edbi hoa violet v\u00e0 m\u1ed9t ch\u00fat vanilla n\u1ed3ng \u1ea5m nh\u01b0 gieo v\u00e0o l\u00f2ng ng\u01b0\u1eddi m\u1ed9t k\u1ef7 n\u1ec7m v\u1ec1 H\u00e0 N\u1ed9i v\u1edbi ti\u1ebft tr\u1eddi se l\u1ea1nh v\u1ec1 thu.<\/p>\n<h3>C\u00e1c t\u1ea7ng h\u01b0\u01a1ng<\/h3>\n<p><strong>H\u01b0\u01a1ng \u0111\u1ea7u:<\/strong>\u00a0qu\u00fdt, b\u1ea1ch \u0111\u1eadu kh\u1ea5u, c\u00e0 ph\u00ea, c\u00e0 ph\u00ea s\u1eefa<\/p>\n<p><strong>H\u01b0\u01a1ng gi\u1eefa:<\/strong>\u00a0hoa h\u1ed3ng, c\u00e1c lo\u1ea1i hoa tr\u1eafng, hoa cam<\/p>\n<p><strong>H\u01b0\u01a1ng cu\u1ed1i:<\/strong>\u00a0g\u1ed7, h\u01b0\u01a1ng Ph\u01b0\u01a1ng \u0110\u00f4ng, vanilla, c\u00e1c tr\u00e1i c\u00e2y \u0111\u1ecf<\/p>\n<h3>Thi\u1ebft k\u1ebf s\u1ea3n ph\u1ea9m<\/h3>\n<p>Chai n\u01b0\u1edbc hoa c\u00f3 thi\u1ebft k\u1ebf\u00a0h\u00ecnh d\u00e1ng c\u00f4 g\u00e1i H\u00e0 N\u1ed9i trong b\u1ed9 \u00e1o t\u1ee9 th\u00e2n v\u00e0 n\u00f3n quai thao truy\u1ec1n th\u1ed1ng,\u00a0c\u00f9ng\u00a0v\u1edbi\u00a0bao b\u00ec sang tr\u1ecdng, b\u1eaft m\u1eaft. V\u1ecf chai \u0111\u01b0\u1ee3c l\u00e0m t\u1eeb g\u1ed1m s\u1ee9 Minh Long cao c\u1ea5p, \u0111\u01b0\u1ee3c tr\u00e1ng men 2 l\u1edbp v\u00e0 c\u00e1c ho\u1ea1 ti\u1ebft \u0111\u01b0\u1ee3c c\u00e1c ngh\u1ec7 nh\u00e2n v\u1ebd ho\u00e0n to\u00e0n b\u1eb1ng tay. \u0110i\u1ec3m xuy\u1ebfn tr\u00ean v\u1ecf chai l\u00e0 nguy\u00ean li\u1ec7u v\u00e0ng tr\u1eafng \u0111\u1ea7y \u0111\u1eb3ng c\u1ea5p v\u00e0 gi\u00e1 tr\u1ecb.<\/p>\n<h3>H\u01b0\u1edbng d\u1eabn s\u1eed d\u1ee5ng:<\/h3>\n<p>H\u01b0\u1edbng v\u00f2i x\u1ecbt v\u00e0o v\u1ecb tr\u00ed c\u1ea7n x\u1ecbt, c\u00e1ch c\u01a1 th\u1ec3 kho\u1ea3ng 15 &#8211; 20 cm.<\/p>\n<p>X\u1ecbt \u1edf nh\u1eefng v\u00f9ng c\u01a1 th\u1ec3 t\u1eadp trung nhi\u1ec1u m\u1ea1ch m\u00e1u, da \u1ea9m v\u00e0 nh\u1ea1y c\u1ea3m nh\u01b0 c\u1ed5 tay, sau g\u00e1y, gi\u1eefa ng\u1ef1c, \u0111\u1ec3 h\u01b0\u01a1ng th\u01a1m c\u00f3 th\u1ec3 khu\u1ebfch t\u00e1n \u0111\u1ed3ng th\u1eddi c\u0169ng gi\u1eef m\u00f9i \u0111\u01b0\u1ee3c l\u00e2u h\u01a1n.<\/p>\n<p>H\u1ea1n ch\u1ebf x\u1ecbt tr\u1ef1c ti\u1ebfp l\u00ean qu\u1ea7n \u00e1o v\u00e0 \u0111\u1ed3 trang s\u1ee9c. C\u1ea5t n\u01b0\u1edbc hoa \u1edf nh\u1eefng n\u01a1i tho\u00e1ng m\u00e1t, kh\u00f4ng b\u1ecb \u00e1nh n\u1eafng chi\u1ebfu tr\u1ef1c ti\u1ebfp v\u00e0o s\u1ebd gi\u00fap chai n\u01b0\u1edbc hoa kh\u00f4ng b\u1ecb bi\u1ebfn ch\u1ea5t, m\u1ea5t m\u00f9i.<\/p>\n<p><strong>L\u01b0u \u00fd:<\/strong>\u00a0\u0110\u1ed9 l\u01b0u h\u01b0\u01a1ng t\u00f9y v\u00e0o c\u01a1 \u0111\u1ecba m\u1ed7i ng\u01b0\u1eddi v\u00e0 ho\u00e0n c\u1ea3nh s\u1eed d\u1ee5ng. \u0110\u1ec3 tr\u00e1nh xa t\u1ea7m tay tr\u1ebb em.<\/p>\n<p>Xem th\u00eam nh\u1eefng phi\u00ean b\u1ea3n s\u1ee9 tr\u1eafng\u00a0kh\u00e1c c\u1ee7a Miss Vietnam t\u1ea1i\u00a0https:\/\/hoarient.com\/collections\/miss-viet-nam-phien-ban-su-trang<\/p>","protected":false},"excerpt":{"rendered":"<p>\u0110\u1eb7c \u0111i\u1ec3m n\u1ed5i b\u1eadt Th\u01b0\u01a1ng hi\u1ec7u:\u00a0Miss Vietnam Dung t\u00edch:\u00a035ml M\u00f9i h\u01b0\u01a1ng:\u00a0mang phong c\u00e1ch quy\u1ebfn r\u0169 \u0110\u1ed9 l\u01b0u h\u01b0\u01a1ng:\u00a06 &#8211; 8 ti\u1ebfng \u0110\u1ed9 to\u1ea3 h\u01b0\u01a1ng:\u00a0b\u00e1n k\u00ednh 2 m\u00e9t Nh\u00f3m h\u01b0\u01a1ng:\u00a0h\u01b0\u01a1ng\u00a0hoa, h\u01b0\u01a1ng tr\u00e1i c\u00e2y, x\u1ea1 h\u01b0\u01a1ng M\u00f4 t\u1ea3 s\u1ea3n ph\u1ea9m N\u01b0\u1edbc hoa n\u1eef Miss Vietnam \u2013 Hanoi n\u1eb1m trong b\u1ed9 s\u01b0u t\u1eadp n\u01b0\u1edbc hoa cao c\u1ea5p Miss [&hellip;]<\/p>\n","protected":false},"featured_media":8799,"comment_status":"open","ping_status":"closed","template":"","meta":[],"product_cat":[145,147,141],"product_tag":[],"class_list":{"0":"post-6277","1":"product","2":"type-product","3":"status-publish","4":"has-post-thumbnail","6":"product_cat-premium-perfume","7":"product_cat-miss-vietnam","8":"product_cat-fragrance-for-women","10":"first","11":"instock","12":"shipping-taxable","13":"product-type-external"},"yoast_head":"<!-- This site is optimized with the Yoast SEO plugin v27.1.1 - https:\/\/yoast.com\/product\/yoast-seo-wordpress\/ -->\n<title>Miss Vietnam Hanoi - SCC<\/title>\n<meta name=\"robots\" content=\"index, follow, max-snippet:-1, max-image-preview:large, max-video-preview:-1\" \/>\n<link rel=\"canonical\" href=\"https:\/\/saigoncosmetics.com\/vi\/san-pham\/nuoc-hoa-miss-vietnam-hanoi-n29\/\" \/>\n<meta property=\"og:locale\" content=\"vi_VN\" \/>\n<meta property=\"og:type\" content=\"article\" \/>\n<meta property=\"og:title\" content=\"Miss Vietnam Hanoi - SCC\" \/>\n<meta property=\"og:description\" content=\"\u0110\u1eb7c \u0111i\u1ec3m n\u1ed5i b\u1eadt Th\u01b0\u01a1ng hi\u1ec7u:\u00a0Miss Vietnam Dung t\u00edch:\u00a035ml M\u00f9i h\u01b0\u01a1ng:\u00a0mang phong c\u00e1ch quy\u1ebfn r\u0169 \u0110\u1ed9 l\u01b0u h\u01b0\u01a1ng:\u00a06 &#8211; 8 ti\u1ebfng \u0110\u1ed9 to\u1ea3 h\u01b0\u01a1ng:\u00a0b\u00e1n k\u00ednh 2 m\u00e9t Nh\u00f3m h\u01b0\u01a1ng:\u00a0h\u01b0\u01a1ng\u00a0hoa, h\u01b0\u01a1ng tr\u00e1i c\u00e2y, x\u1ea1 h\u01b0\u01a1ng M\u00f4 t\u1ea3 s\u1ea3n ph\u1ea9m N\u01b0\u1edbc hoa n\u1eef Miss Vietnam \u2013 Hanoi n\u1eb1m trong b\u1ed9 s\u01b0u t\u1eadp n\u01b0\u1edbc hoa cao c\u1ea5p Miss [&hellip;]\" \/>\n<meta property=\"og:url\" content=\"https:\/\/saigoncosmetics.com\/vi\/san-pham\/nuoc-hoa-miss-vietnam-hanoi-n29\/\" \/>\n<meta property=\"og:site_name\" content=\"SCC\" \/>\n<meta property=\"article:modified_time\" content=\"2026-02-26T14:02:58+00:00\" \/>\n<meta property=\"og:image\" content=\"https:\/\/saigoncosmetics.com\/wp-content\/uploads\/2025\/12\/Miss-Vietnam-Hanoi.jpg\" \/>\n\t<meta property=\"og:image:width\" content=\"1800\" \/>\n\t<meta property=\"og:image:height\" content=\"1800\" \/>\n\t<meta property=\"og:image:type\" content=\"image\/jpeg\" \/>\n<meta name=\"twitter:card\" content=\"summary_large_image\" \/>\n<meta name=\"twitter:label1\" content=\"\u01af\u1edbc t\u00ednh th\u1eddi gian \u0111\u1ecdc\" \/>\n\t<meta name=\"twitter:data1\" content=\"3 ph\u00fat\" \/>\n<script type=\"application\/ld+json\" class=\"yoast-schema-graph\">{\"@context\":\"https:\/\/schema.org\",\"@graph\":[{\"@type\":\"WebPage\",\"@id\":\"https:\/\/saigoncosmetics.com\/product\/nuoc-hoa-miss-vietnam-hanoi-n29\/\",\"url\":\"https:\/\/saigoncosmetics.com\/product\/nuoc-hoa-miss-vietnam-hanoi-n29\/\",\"name\":\"Miss Vietnam Hanoi - SCC\",\"isPartOf\":{\"@id\":\"https:\/\/saigoncosmetics.com\/#website\"},\"primaryImageOfPage\":{\"@id\":\"https:\/\/saigoncosmetics.com\/product\/nuoc-hoa-miss-vietnam-hanoi-n29\/#primaryimage\"},\"image\":{\"@id\":\"https:\/\/saigoncosmetics.com\/product\/nuoc-hoa-miss-vietnam-hanoi-n29\/#primaryimage\"},\"thumbnailUrl\":\"https:\/\/saigoncosmetics.com\/wp-content\/uploads\/2025\/12\/Miss-Vietnam-Hanoi.jpg\",\"datePublished\":\"2025-12-19T16:56:55+00:00\",\"dateModified\":\"2026-02-26T14:02:58+00:00\",\"breadcrumb\":{\"@id\":\"https:\/\/saigoncosmetics.com\/product\/nuoc-hoa-miss-vietnam-hanoi-n29\/#breadcrumb\"},\"inLanguage\":\"vi\",\"potentialAction\":[{\"@type\":\"ReadAction\",\"target\":[\"https:\/\/saigoncosmetics.com\/product\/nuoc-hoa-miss-vietnam-hanoi-n29\/\"]}]},{\"@type\":\"ImageObject\",\"inLanguage\":\"vi\",\"@id\":\"https:\/\/saigoncosmetics.com\/product\/nuoc-hoa-miss-vietnam-hanoi-n29\/#primaryimage\",\"url\":\"https:\/\/saigoncosmetics.com\/wp-content\/uploads\/2025\/12\/Miss-Vietnam-Hanoi.jpg\",\"contentUrl\":\"https:\/\/saigoncosmetics.com\/wp-content\/uploads\/2025\/12\/Miss-Vietnam-Hanoi.jpg\",\"width\":1800,\"height\":1800},{\"@type\":\"BreadcrumbList\",\"@id\":\"https:\/\/saigoncosmetics.com\/product\/nuoc-hoa-miss-vietnam-hanoi-n29\/#breadcrumb\",\"itemListElement\":[{\"@type\":\"ListItem\",\"position\":1,\"name\":\"Home\",\"item\":\"https:\/\/saigoncosmetics.com\/\"},{\"@type\":\"ListItem\",\"position\":2,\"name\":\"Shop\",\"item\":\"https:\/\/saigoncosmetics.com\/shop\/\"},{\"@type\":\"ListItem\",\"position\":3,\"name\":\"Miss Vietnam Hanoi\"}]},{\"@type\":\"WebSite\",\"@id\":\"https:\/\/saigoncosmetics.com\/#website\",\"url\":\"https:\/\/saigoncosmetics.com\/\",\"name\":\"SCC\",\"description\":\"\",\"publisher\":{\"@id\":\"https:\/\/saigoncosmetics.com\/#organization\"},\"potentialAction\":[{\"@type\":\"SearchAction\",\"target\":{\"@type\":\"EntryPoint\",\"urlTemplate\":\"https:\/\/saigoncosmetics.com\/?s={search_term_string}\"},\"query-input\":{\"@type\":\"PropertyValueSpecification\",\"valueRequired\":true,\"valueName\":\"search_term_string\"}}],\"inLanguage\":\"vi\"},{\"@type\":\"Organization\",\"@id\":\"https:\/\/saigoncosmetics.com\/#organization\",\"name\":\"SCC\",\"url\":\"https:\/\/saigoncosmetics.com\/\",\"logo\":{\"@type\":\"ImageObject\",\"inLanguage\":\"vi\",\"@id\":\"https:\/\/saigoncosmetics.com\/#\/schema\/logo\/image\/\",\"url\":\"https:\/\/saigoncosmetics.com\/wp-content\/uploads\/2025\/12\/cropped-logo-1.png\",\"contentUrl\":\"https:\/\/saigoncosmetics.com\/wp-content\/uploads\/2025\/12\/cropped-logo-1.png\",\"width\":450,\"height\":183,\"caption\":\"SCC\"},\"image\":{\"@id\":\"https:\/\/saigoncosmetics.com\/#\/schema\/logo\/image\/\"}}]}<\/script>\n<!-- \/ Yoast SEO plugin. -->","yoast_head_json":{"title":"Miss Vietnam Hanoi - SCC","robots":{"index":"index","follow":"follow","max-snippet":"max-snippet:-1","max-image-preview":"max-image-preview:large","max-video-preview":"max-video-preview:-1"},"canonical":"https:\/\/saigoncosmetics.com\/vi\/san-pham\/nuoc-hoa-miss-vietnam-hanoi-n29\/","og_locale":"vi_VN","og_type":"article","og_title":"Miss Vietnam Hanoi - SCC","og_description":"\u0110\u1eb7c \u0111i\u1ec3m n\u1ed5i b\u1eadt Th\u01b0\u01a1ng hi\u1ec7u:\u00a0Miss Vietnam Dung t\u00edch:\u00a035ml M\u00f9i h\u01b0\u01a1ng:\u00a0mang phong c\u00e1ch quy\u1ebfn r\u0169 \u0110\u1ed9 l\u01b0u h\u01b0\u01a1ng:\u00a06 &#8211; 8 ti\u1ebfng \u0110\u1ed9 to\u1ea3 h\u01b0\u01a1ng:\u00a0b\u00e1n k\u00ednh 2 m\u00e9t Nh\u00f3m h\u01b0\u01a1ng:\u00a0h\u01b0\u01a1ng\u00a0hoa, h\u01b0\u01a1ng tr\u00e1i c\u00e2y, x\u1ea1 h\u01b0\u01a1ng M\u00f4 t\u1ea3 s\u1ea3n ph\u1ea9m N\u01b0\u1edbc hoa n\u1eef Miss Vietnam \u2013 Hanoi n\u1eb1m trong b\u1ed9 s\u01b0u t\u1eadp n\u01b0\u1edbc hoa cao c\u1ea5p Miss [&hellip;]","og_url":"https:\/\/saigoncosmetics.com\/vi\/san-pham\/nuoc-hoa-miss-vietnam-hanoi-n29\/","og_site_name":"SCC","article_modified_time":"2026-02-26T14:02:58+00:00","og_image":[{"width":1800,"height":1800,"url":"https:\/\/saigoncosmetics.com\/wp-content\/uploads\/2025\/12\/Miss-Vietnam-Hanoi.jpg","type":"image\/jpeg"}],"twitter_card":"summary_large_image","twitter_misc":{"\u01af\u1edbc t\u00ednh th\u1eddi gian \u0111\u1ecdc":"3 ph\u00fat"},"schema":{"@context":"https:\/\/schema.org","@graph":[{"@type":"WebPage","@id":"https:\/\/saigoncosmetics.com\/product\/nuoc-hoa-miss-vietnam-hanoi-n29\/","url":"https:\/\/saigoncosmetics.com\/product\/nuoc-hoa-miss-vietnam-hanoi-n29\/","name":"Miss Vietnam Hanoi - SCC","isPartOf":{"@id":"https:\/\/saigoncosmetics.com\/#website"},"primaryImageOfPage":{"@id":"https:\/\/saigoncosmetics.com\/product\/nuoc-hoa-miss-vietnam-hanoi-n29\/#primaryimage"},"image":{"@id":"https:\/\/saigoncosmetics.com\/product\/nuoc-hoa-miss-vietnam-hanoi-n29\/#primaryimage"},"thumbnailUrl":"https:\/\/saigoncosmetics.com\/wp-content\/uploads\/2025\/12\/Miss-Vietnam-Hanoi.jpg","datePublished":"2025-12-19T16:56:55+00:00","dateModified":"2026-02-26T14:02:58+00:00","breadcrumb":{"@id":"https:\/\/saigoncosmetics.com\/product\/nuoc-hoa-miss-vietnam-hanoi-n29\/#breadcrumb"},"inLanguage":"vi","potentialAction":[{"@type":"ReadAction","target":["https:\/\/saigoncosmetics.com\/product\/nuoc-hoa-miss-vietnam-hanoi-n29\/"]}]},{"@type":"ImageObject","inLanguage":"vi","@id":"https:\/\/saigoncosmetics.com\/product\/nuoc-hoa-miss-vietnam-hanoi-n29\/#primaryimage","url":"https:\/\/saigoncosmetics.com\/wp-content\/uploads\/2025\/12\/Miss-Vietnam-Hanoi.jpg","contentUrl":"https:\/\/saigoncosmetics.com\/wp-content\/uploads\/2025\/12\/Miss-Vietnam-Hanoi.jpg","width":1800,"height":1800},{"@type":"BreadcrumbList","@id":"https:\/\/saigoncosmetics.com\/product\/nuoc-hoa-miss-vietnam-hanoi-n29\/#breadcrumb","itemListElement":[{"@type":"ListItem","position":1,"name":"Home","item":"https:\/\/saigoncosmetics.com\/"},{"@type":"ListItem","position":2,"name":"Shop","item":"https:\/\/saigoncosmetics.com\/shop\/"},{"@type":"ListItem","position":3,"name":"Miss Vietnam Hanoi"}]},{"@type":"WebSite","@id":"https:\/\/saigoncosmetics.com\/#website","url":"https:\/\/saigoncosmetics.com\/","name":"SCC","description":"","publisher":{"@id":"https:\/\/saigoncosmetics.com\/#organization"},"potentialAction":[{"@type":"SearchAction","target":{"@type":"EntryPoint","urlTemplate":"https:\/\/saigoncosmetics.com\/?s={search_term_string}"},"query-input":{"@type":"PropertyValueSpecification","valueRequired":true,"valueName":"search_term_string"}}],"inLanguage":"vi"},{"@type":"Organization","@id":"https:\/\/saigoncosmetics.com\/#organization","name":"SCC","url":"https:\/\/saigoncosmetics.com\/","logo":{"@type":"ImageObject","inLanguage":"vi","@id":"https:\/\/saigoncosmetics.com\/#\/schema\/logo\/image\/","url":"https:\/\/saigoncosmetics.com\/wp-content\/uploads\/2025\/12\/cropped-logo-1.png","contentUrl":"https:\/\/saigoncosmetics.com\/wp-content\/uploads\/2025\/12\/cropped-logo-1.png","width":450,"height":183,"caption":"SCC"},"image":{"@id":"https:\/\/saigoncosmetics.com\/#\/schema\/logo\/image\/"}}]}},"_links":{"self":[{"href":"https:\/\/saigoncosmetics.com\/vi\/wp-json\/wp\/v2\/product\/6277","targetHints":{"allow":["GET"]}}],"collection":[{"href":"https:\/\/saigoncosmetics.com\/vi\/wp-json\/wp\/v2\/product"}],"about":[{"href":"https:\/\/saigoncosmetics.com\/vi\/wp-json\/wp\/v2\/types\/product"}],"replies":[{"embeddable":true,"href":"https:\/\/saigoncosmetics.com\/vi\/wp-json\/wp\/v2\/comments?post=6277"}],"wp:featuredmedia":[{"embeddable":true,"href":"https:\/\/saigoncosmetics.com\/vi\/wp-json\/wp\/v2\/media\/8799"}],"wp:attachment":[{"href":"https:\/\/saigoncosmetics.com\/vi\/wp-json\/wp\/v2\/media?parent=6277"}],"wp:term":[{"taxonomy":"product_cat","embeddable":true,"href":"https:\/\/saigoncosmetics.com\/vi\/wp-json\/wp\/v2\/product_cat?post=6277"},{"taxonomy":"product_tag","embeddable":true,"href":"https:\/\/saigoncosmetics.com\/vi\/wp-json\/wp\/v2\/product_tag?post=6277"}],"curies":[{"name":"wp","href":"https:\/\/api.w.org\/{rel}","templated":true}]}}