{"id":6291,"date":"2025-12-19T17:10:18","date_gmt":"2025-12-19T17:10:18","guid":{"rendered":"https:\/\/saigoncosmetics.henrydaiit.com\/?post_type=product&#038;p=6291"},"modified":"2026-02-26T14:42:40","modified_gmt":"2026-02-26T14:42:40","slug":"nuoc-hoa-miss-sai-gon-the-essence-the-lover","status":"publish","type":"product","link":"https:\/\/saigoncosmetics.com\/vi\/san-pham\/nuoc-hoa-miss-sai-gon-the-essence-the-lover\/","title":{"rendered":"Miss Saigon The Essence &#8211; The Lover"},"content":{"rendered":"<h3>\u0110\u1eb7c \u0111i\u1ec3m n\u1ed5i b\u1eadt<\/h3>\n<p><strong>Th\u01b0\u01a1ng hi\u1ec7u:<\/strong>\u00a0Miss Saigon<\/p>\n<p><strong>Dung t\u00edch:<\/strong>\u00a050ml<\/p>\n<p><strong>M\u00f9i h\u01b0\u01a1ng:<\/strong>\u00a0mang phong c\u00e1ch n\u1eef t\u00ednh, l\u00e3ng m\u1ea1n<\/p>\n<p><strong>\u0110\u1ed9 l\u01b0u h\u01b0\u01a1ng:<\/strong>\u00a06 &#8211; 8 ti\u1ebfng<\/p>\n<p><strong>\u0110\u1ed9 to\u1ea3 h\u01b0\u01a1ng:\u00a0<\/strong>trung b\u00ecnh<\/p>\n<p><strong>Nh\u00f3m h\u01b0\u01a1ng:\u00a0<\/strong>h\u01b0\u01a1ng hoa, h\u01b0\u01a1ng tr\u00e1i c\u00e2y<\/p>\n<h3>M\u00f4 t\u1ea3 s\u1ea3n ph\u1ea9m<\/h3>\n<p>N\u01b0\u1edbc\u00a0hoa\u00a0Miss Saigon The Essence The Lover \u2013 Ng\u01b0\u1eddi t\u00ecnh l\u00e0 d\u00f2ng n\u01b0\u1edbc hoa n\u1eef t\u00ednh v\u00e0 l\u00e3ng m\u1ea1n nh\u1ea5t trong b\u1ed9 3 m\u00f9i h\u01b0\u01a1ng. N\u01b0\u1edbc c\u1ee7a tr\u00e1i ch\u00edn m\u1ecdng ho\u00e0 v\u1edbi h\u01b0\u01a1ng hoa h\u1ed3ng, hoa tr\u1eafng trong v\u01b0\u1eddn, bao b\u1ecdc b\u1edfi n\u01b0\u1edbc d\u1eeba, g\u1ed7 \u1ea5m v\u00e0 x\u1ea1 h\u01b0\u01a1ng. G\u1ee3i c\u1ea3m m\u00e0 kh\u00f4ng g\u1ee3i d\u1ee5c, n\u1eef t\u00ednh m\u00e0 kh\u00f4ng non tr\u1ebb. M\u1ed9t m\u00f9i h\u01b0\u01a1ng kh\u00f4ng ai l\u00e0 kh\u00f4ng y\u00eau, d\u1ec5 m\u1ebfn v\u00e0 d\u1ec5 th\u01b0\u01a1ng nh\u01b0 m\u1ed9t c\u00f4 g\u00e1i S\u00e0i G\u00f2n.<\/p>\n<h3>C\u00e1c t\u1ea7ng h\u01b0\u01a1ng<\/h3>\n<p><strong>H\u01b0\u01a1ng \u0111\u1ea7u:<\/strong>\u00a0cam bergamot, qu\u00fdt, anh \u0111\u00e0o, m\u00e2m x\u00f4i.<\/p>\n<p><strong>H\u01b0\u01a1ng gi\u1eefa:<\/strong>\u00a0hoa nh\u00e0i t\u00e2y, hoa h\u1ed3ng.<\/p>\n<p><strong>H\u01b0\u01a1ng cu\u1ed1i:<\/strong>\u00a0g\u1ed7 \u0111\u00e0n h\u01b0\u01a1ng, d\u1eeba, x\u1ea1 h\u01b0\u01a1ng.<\/p>\n<h3>Thi\u1ebft k\u1ebf s\u1ea3n ph\u1ea9m<\/h3>\n<p>Chai n\u01b0\u1edbc hoa c\u00f3 thi\u1ebft k\u1ebf theo h\u00ecnh \u1ea3nh c\u00f4 g\u00e1i m\u1eb7c \u00e1o d\u00e0i cong nh\u1eb9, \u0111\u1ed9i n\u00f3n l\u00e1 b\u1eb1ng \u0111\u1ed3ng g\u00f3c c\u1ea1nh v\u00e0 t\u00e1o b\u1ea1o.<\/p>\n<h3>H\u01b0\u1edbng d\u1eabn s\u1eed d\u1ee5ng:<\/h3>\n<p>H\u01b0\u1edbng v\u00f2i x\u1ecbt v\u00e0o v\u1ecb tr\u00ed c\u1ea7n x\u1ecbt, c\u00e1ch c\u01a1 th\u1ec3 kho\u1ea3ng 15 &#8211; 20 cm.<\/p>\n<p>X\u1ecbt \u1edf nh\u1eefng v\u00f9ng c\u01a1 th\u1ec3 t\u1eadp trung nhi\u1ec1u m\u1ea1ch m\u00e1u, da \u1ea9m v\u00e0 nh\u1ea1y c\u1ea3m nh\u01b0 c\u1ed5 tay, sau g\u00e1y, gi\u1eefa ng\u1ef1c, \u0111\u1ec3 h\u01b0\u01a1ng th\u01a1m c\u00f3 th\u1ec3 khu\u1ebfch t\u00e1n \u0111\u1ed3ng th\u1eddi c\u0169ng gi\u1eef m\u00f9i \u0111\u01b0\u1ee3c l\u00e2u h\u01a1n.<\/p>\n<p>H\u1ea1n ch\u1ebf x\u1ecbt tr\u1ef1c ti\u1ebfp l\u00ean qu\u1ea7n \u00e1o v\u00e0 \u0111\u1ed3 trang s\u1ee9c. C\u1ea5t n\u01b0\u1edbc hoa \u1edf nh\u1eefng n\u01a1i tho\u00e1ng m\u00e1t, kh\u00f4ng b\u1ecb \u00e1nh n\u1eafng chi\u1ebfu tr\u1ef1c ti\u1ebfp v\u00e0o s\u1ebd gi\u00fap chai n\u01b0\u1edbc hoa kh\u00f4ng b\u1ecb bi\u1ebfn ch\u1ea5t, m\u1ea5t m\u00f9i.<\/p>\n<p><strong>L\u01b0u \u00fd:<\/strong>\u00a0\u0110\u1ed9 l\u01b0u h\u01b0\u01a1ng t\u00f9y v\u00e0o c\u01a1 \u0111\u1ecba m\u1ed7i ng\u01b0\u1eddi v\u00e0 ho\u00e0n c\u1ea3nh s\u1eed d\u1ee5ng \u0110\u1ec3 tr\u00e1nh xa t\u1ea7m tay tr\u1ebb em.<\/p>\n<p>Xem th\u00eam c\u00e1c d\u00f2ng c\u1ee7a n\u01b0\u1edbc hoa Miss Saigon The\u00a0Essence t\u1ea1i\u00a0<a href=\"https:\/\/hoarient.com\/collections\/miss-saigon-the-essence\">Miss Saigon The Essence \u2013 Hoarient<\/a><\/p>\n<p><img fetchpriority=\"high\" decoding=\"async\" src=\"https:\/\/file.hstatic.net\/1000183053\/file\/misssaigon-3chai_f45aeddecbe34fbfae93bb6a327f8c13_grande.jpg\" width=\"549\" height=\"646\" \/><\/p>\n<p><img decoding=\"async\" src=\"https:\/\/file.hstatic.net\/1000183053\/file\/misssaigon-flatlay-pink_8c58bd83aa114e61b6d697893017da68_grande.jpg\" width=\"549\" height=\"824\" \/><\/p>\n<p><img decoding=\"async\" src=\"https:\/\/file.hstatic.net\/1000183053\/file\/misssaigon-pink_81b1f8fb3b03402ebd595265e29acbf8_grande.jpg\" width=\"549\" height=\"825\" \/><\/p>\n<p>&nbsp;<\/p>\n<p><strong>Ch\u1ecbu tr\u00e1ch nhi\u1ec7m \u0111\u01b0a s\u1ea3n ph\u1ea9m ra thi tr\u01b0\u1eddng:<\/strong><br \/>\nC\u00d4NG TY C\u00d4 PH\u00c2N M\u1ef8 PH\u00c2M S\u00c0I GON<br \/>\n930 Nguy\u1ec5n Thi \u0110inh,Khu C\u00f4ng nghi\u00eap C\u00e1t L\u00e1i (Cum II),<br \/>\nPh\u01b0\u1eddng Th\u1ea1nh M\u1ef9 L\u1ee3i,Th\u00e0nh ph\u1ed1\u00a0Th\u1ee7 \u00d0\u1ee9c,<br \/>\nTh\u00e0nh ph\u1ed1 H\u1ed3 Ch\u00ed Minh, Vi\u00eat Nam.<br \/>\nS\u1ea3n xu\u1ea5t t\u1ea1i Vi\u1ec7t Nam.<\/p>\n<p>Distributed by:<br \/>\nC\u00d4NG TY M\u1ef8 PH\u1ea8M S\u00c0I G\u00d2N<br \/>\n930 Nguyen Thi Dinh Street, Cat Lai Industrial Zone (Block II),<br \/>\nThanh My Loi Ward,Thu Duc City,Ho Chi Minh City,Vietnam.<br \/>\nMade in Vietnam<\/p>","protected":false},"excerpt":{"rendered":"<p>\u0110\u1eb7c \u0111i\u1ec3m n\u1ed5i b\u1eadt Th\u01b0\u01a1ng hi\u1ec7u:\u00a0Miss Saigon Dung t\u00edch:\u00a050ml M\u00f9i h\u01b0\u01a1ng:\u00a0mang phong c\u00e1ch n\u1eef t\u00ednh, l\u00e3ng m\u1ea1n \u0110\u1ed9 l\u01b0u h\u01b0\u01a1ng:\u00a06 &#8211; 8 ti\u1ebfng \u0110\u1ed9 to\u1ea3 h\u01b0\u01a1ng:\u00a0trung b\u00ecnh Nh\u00f3m h\u01b0\u01a1ng:\u00a0h\u01b0\u01a1ng hoa, h\u01b0\u01a1ng tr\u00e1i c\u00e2y M\u00f4 t\u1ea3 s\u1ea3n ph\u1ea9m N\u01b0\u1edbc\u00a0hoa\u00a0Miss Saigon The Essence The Lover \u2013 Ng\u01b0\u1eddi t\u00ecnh l\u00e0 d\u00f2ng n\u01b0\u1edbc hoa n\u1eef t\u00ednh v\u00e0 l\u00e3ng m\u1ea1n [&hellip;]<\/p>\n","protected":false},"featured_media":8804,"comment_status":"open","ping_status":"closed","template":"","meta":[],"product_cat":[145,149,141],"product_tag":[],"class_list":{"0":"post-6291","1":"product","2":"type-product","3":"status-publish","4":"has-post-thumbnail","6":"product_cat-premium-perfume","7":"product_cat-miss-saigon-the-essence","8":"product_cat-fragrance-for-women","10":"first","11":"instock","12":"shipping-taxable","13":"product-type-external"},"yoast_head":"<!-- This site is optimized with the Yoast SEO plugin v27.1.1 - https:\/\/yoast.com\/product\/yoast-seo-wordpress\/ -->\n<title>Miss Saigon The Essence - The Lover - SCC<\/title>\n<meta name=\"robots\" content=\"index, follow, max-snippet:-1, max-image-preview:large, max-video-preview:-1\" \/>\n<link rel=\"canonical\" href=\"https:\/\/saigoncosmetics.com\/vi\/san-pham\/nuoc-hoa-miss-sai-gon-the-essence-the-lover\/\" \/>\n<meta property=\"og:locale\" content=\"vi_VN\" \/>\n<meta property=\"og:type\" content=\"article\" \/>\n<meta property=\"og:title\" content=\"Miss Saigon The Essence - The Lover - SCC\" \/>\n<meta property=\"og:description\" content=\"\u0110\u1eb7c \u0111i\u1ec3m n\u1ed5i b\u1eadt Th\u01b0\u01a1ng hi\u1ec7u:\u00a0Miss Saigon Dung t\u00edch:\u00a050ml M\u00f9i h\u01b0\u01a1ng:\u00a0mang phong c\u00e1ch n\u1eef t\u00ednh, l\u00e3ng m\u1ea1n \u0110\u1ed9 l\u01b0u h\u01b0\u01a1ng:\u00a06 &#8211; 8 ti\u1ebfng \u0110\u1ed9 to\u1ea3 h\u01b0\u01a1ng:\u00a0trung b\u00ecnh Nh\u00f3m h\u01b0\u01a1ng:\u00a0h\u01b0\u01a1ng hoa, h\u01b0\u01a1ng tr\u00e1i c\u00e2y M\u00f4 t\u1ea3 s\u1ea3n ph\u1ea9m N\u01b0\u1edbc\u00a0hoa\u00a0Miss Saigon The Essence The Lover \u2013 Ng\u01b0\u1eddi t\u00ecnh l\u00e0 d\u00f2ng n\u01b0\u1edbc hoa n\u1eef t\u00ednh v\u00e0 l\u00e3ng m\u1ea1n [&hellip;]\" \/>\n<meta property=\"og:url\" content=\"https:\/\/saigoncosmetics.com\/vi\/san-pham\/nuoc-hoa-miss-sai-gon-the-essence-the-lover\/\" \/>\n<meta property=\"og:site_name\" content=\"SCC\" \/>\n<meta property=\"article:modified_time\" content=\"2026-02-26T14:42:40+00:00\" \/>\n<meta property=\"og:image\" content=\"https:\/\/saigoncosmetics.com\/wp-content\/uploads\/2025\/12\/Miss-Saigon-The-Essence-The-Lover.jpg\" \/>\n\t<meta property=\"og:image:width\" content=\"2048\" \/>\n\t<meta property=\"og:image:height\" content=\"2048\" \/>\n\t<meta property=\"og:image:type\" content=\"image\/jpeg\" \/>\n<meta name=\"twitter:card\" content=\"summary_large_image\" \/>\n<meta name=\"twitter:label1\" content=\"\u01af\u1edbc t\u00ednh th\u1eddi gian \u0111\u1ecdc\" \/>\n\t<meta name=\"twitter:data1\" content=\"3 ph\u00fat\" \/>\n<script type=\"application\/ld+json\" class=\"yoast-schema-graph\">{\"@context\":\"https:\/\/schema.org\",\"@graph\":[{\"@type\":\"WebPage\",\"@id\":\"https:\/\/saigoncosmetics.com\/product\/nuoc-hoa-miss-sai-gon-the-essence-the-lover\/\",\"url\":\"https:\/\/saigoncosmetics.com\/product\/nuoc-hoa-miss-sai-gon-the-essence-the-lover\/\",\"name\":\"Miss Saigon The Essence - The Lover - SCC\",\"isPartOf\":{\"@id\":\"https:\/\/saigoncosmetics.com\/#website\"},\"primaryImageOfPage\":{\"@id\":\"https:\/\/saigoncosmetics.com\/product\/nuoc-hoa-miss-sai-gon-the-essence-the-lover\/#primaryimage\"},\"image\":{\"@id\":\"https:\/\/saigoncosmetics.com\/product\/nuoc-hoa-miss-sai-gon-the-essence-the-lover\/#primaryimage\"},\"thumbnailUrl\":\"https:\/\/saigoncosmetics.com\/wp-content\/uploads\/2025\/12\/Miss-Saigon-The-Essence-The-Lover.jpg\",\"datePublished\":\"2025-12-19T17:10:18+00:00\",\"dateModified\":\"2026-02-26T14:42:40+00:00\",\"breadcrumb\":{\"@id\":\"https:\/\/saigoncosmetics.com\/product\/nuoc-hoa-miss-sai-gon-the-essence-the-lover\/#breadcrumb\"},\"inLanguage\":\"vi\",\"potentialAction\":[{\"@type\":\"ReadAction\",\"target\":[\"https:\/\/saigoncosmetics.com\/product\/nuoc-hoa-miss-sai-gon-the-essence-the-lover\/\"]}]},{\"@type\":\"ImageObject\",\"inLanguage\":\"vi\",\"@id\":\"https:\/\/saigoncosmetics.com\/product\/nuoc-hoa-miss-sai-gon-the-essence-the-lover\/#primaryimage\",\"url\":\"https:\/\/saigoncosmetics.com\/wp-content\/uploads\/2025\/12\/Miss-Saigon-The-Essence-The-Lover.jpg\",\"contentUrl\":\"https:\/\/saigoncosmetics.com\/wp-content\/uploads\/2025\/12\/Miss-Saigon-The-Essence-The-Lover.jpg\",\"width\":2048,\"height\":2048},{\"@type\":\"BreadcrumbList\",\"@id\":\"https:\/\/saigoncosmetics.com\/product\/nuoc-hoa-miss-sai-gon-the-essence-the-lover\/#breadcrumb\",\"itemListElement\":[{\"@type\":\"ListItem\",\"position\":1,\"name\":\"Home\",\"item\":\"https:\/\/saigoncosmetics.com\/\"},{\"@type\":\"ListItem\",\"position\":2,\"name\":\"Shop\",\"item\":\"https:\/\/saigoncosmetics.com\/shop\/\"},{\"@type\":\"ListItem\",\"position\":3,\"name\":\"Miss Saigon The Essence &#8211; The Lover\"}]},{\"@type\":\"WebSite\",\"@id\":\"https:\/\/saigoncosmetics.com\/#website\",\"url\":\"https:\/\/saigoncosmetics.com\/\",\"name\":\"SCC\",\"description\":\"\",\"publisher\":{\"@id\":\"https:\/\/saigoncosmetics.com\/#organization\"},\"potentialAction\":[{\"@type\":\"SearchAction\",\"target\":{\"@type\":\"EntryPoint\",\"urlTemplate\":\"https:\/\/saigoncosmetics.com\/?s={search_term_string}\"},\"query-input\":{\"@type\":\"PropertyValueSpecification\",\"valueRequired\":true,\"valueName\":\"search_term_string\"}}],\"inLanguage\":\"vi\"},{\"@type\":\"Organization\",\"@id\":\"https:\/\/saigoncosmetics.com\/#organization\",\"name\":\"SCC\",\"url\":\"https:\/\/saigoncosmetics.com\/\",\"logo\":{\"@type\":\"ImageObject\",\"inLanguage\":\"vi\",\"@id\":\"https:\/\/saigoncosmetics.com\/#\/schema\/logo\/image\/\",\"url\":\"https:\/\/saigoncosmetics.com\/wp-content\/uploads\/2025\/12\/cropped-logo-1.png\",\"contentUrl\":\"https:\/\/saigoncosmetics.com\/wp-content\/uploads\/2025\/12\/cropped-logo-1.png\",\"width\":450,\"height\":183,\"caption\":\"SCC\"},\"image\":{\"@id\":\"https:\/\/saigoncosmetics.com\/#\/schema\/logo\/image\/\"}}]}<\/script>\n<!-- \/ Yoast SEO plugin. -->","yoast_head_json":{"title":"Miss Saigon The Essence - The Lover - SCC","robots":{"index":"index","follow":"follow","max-snippet":"max-snippet:-1","max-image-preview":"max-image-preview:large","max-video-preview":"max-video-preview:-1"},"canonical":"https:\/\/saigoncosmetics.com\/vi\/san-pham\/nuoc-hoa-miss-sai-gon-the-essence-the-lover\/","og_locale":"vi_VN","og_type":"article","og_title":"Miss Saigon The Essence - The Lover - SCC","og_description":"\u0110\u1eb7c \u0111i\u1ec3m n\u1ed5i b\u1eadt Th\u01b0\u01a1ng hi\u1ec7u:\u00a0Miss Saigon Dung t\u00edch:\u00a050ml M\u00f9i h\u01b0\u01a1ng:\u00a0mang phong c\u00e1ch n\u1eef t\u00ednh, l\u00e3ng m\u1ea1n \u0110\u1ed9 l\u01b0u h\u01b0\u01a1ng:\u00a06 &#8211; 8 ti\u1ebfng \u0110\u1ed9 to\u1ea3 h\u01b0\u01a1ng:\u00a0trung b\u00ecnh Nh\u00f3m h\u01b0\u01a1ng:\u00a0h\u01b0\u01a1ng hoa, h\u01b0\u01a1ng tr\u00e1i c\u00e2y M\u00f4 t\u1ea3 s\u1ea3n ph\u1ea9m N\u01b0\u1edbc\u00a0hoa\u00a0Miss Saigon The Essence The Lover \u2013 Ng\u01b0\u1eddi t\u00ecnh l\u00e0 d\u00f2ng n\u01b0\u1edbc hoa n\u1eef t\u00ednh v\u00e0 l\u00e3ng m\u1ea1n [&hellip;]","og_url":"https:\/\/saigoncosmetics.com\/vi\/san-pham\/nuoc-hoa-miss-sai-gon-the-essence-the-lover\/","og_site_name":"SCC","article_modified_time":"2026-02-26T14:42:40+00:00","og_image":[{"width":2048,"height":2048,"url":"https:\/\/saigoncosmetics.com\/wp-content\/uploads\/2025\/12\/Miss-Saigon-The-Essence-The-Lover.jpg","type":"image\/jpeg"}],"twitter_card":"summary_large_image","twitter_misc":{"\u01af\u1edbc t\u00ednh th\u1eddi gian \u0111\u1ecdc":"3 ph\u00fat"},"schema":{"@context":"https:\/\/schema.org","@graph":[{"@type":"WebPage","@id":"https:\/\/saigoncosmetics.com\/product\/nuoc-hoa-miss-sai-gon-the-essence-the-lover\/","url":"https:\/\/saigoncosmetics.com\/product\/nuoc-hoa-miss-sai-gon-the-essence-the-lover\/","name":"Miss Saigon The Essence - The Lover - SCC","isPartOf":{"@id":"https:\/\/saigoncosmetics.com\/#website"},"primaryImageOfPage":{"@id":"https:\/\/saigoncosmetics.com\/product\/nuoc-hoa-miss-sai-gon-the-essence-the-lover\/#primaryimage"},"image":{"@id":"https:\/\/saigoncosmetics.com\/product\/nuoc-hoa-miss-sai-gon-the-essence-the-lover\/#primaryimage"},"thumbnailUrl":"https:\/\/saigoncosmetics.com\/wp-content\/uploads\/2025\/12\/Miss-Saigon-The-Essence-The-Lover.jpg","datePublished":"2025-12-19T17:10:18+00:00","dateModified":"2026-02-26T14:42:40+00:00","breadcrumb":{"@id":"https:\/\/saigoncosmetics.com\/product\/nuoc-hoa-miss-sai-gon-the-essence-the-lover\/#breadcrumb"},"inLanguage":"vi","potentialAction":[{"@type":"ReadAction","target":["https:\/\/saigoncosmetics.com\/product\/nuoc-hoa-miss-sai-gon-the-essence-the-lover\/"]}]},{"@type":"ImageObject","inLanguage":"vi","@id":"https:\/\/saigoncosmetics.com\/product\/nuoc-hoa-miss-sai-gon-the-essence-the-lover\/#primaryimage","url":"https:\/\/saigoncosmetics.com\/wp-content\/uploads\/2025\/12\/Miss-Saigon-The-Essence-The-Lover.jpg","contentUrl":"https:\/\/saigoncosmetics.com\/wp-content\/uploads\/2025\/12\/Miss-Saigon-The-Essence-The-Lover.jpg","width":2048,"height":2048},{"@type":"BreadcrumbList","@id":"https:\/\/saigoncosmetics.com\/product\/nuoc-hoa-miss-sai-gon-the-essence-the-lover\/#breadcrumb","itemListElement":[{"@type":"ListItem","position":1,"name":"Home","item":"https:\/\/saigoncosmetics.com\/"},{"@type":"ListItem","position":2,"name":"Shop","item":"https:\/\/saigoncosmetics.com\/shop\/"},{"@type":"ListItem","position":3,"name":"Miss Saigon The Essence &#8211; The Lover"}]},{"@type":"WebSite","@id":"https:\/\/saigoncosmetics.com\/#website","url":"https:\/\/saigoncosmetics.com\/","name":"SCC","description":"","publisher":{"@id":"https:\/\/saigoncosmetics.com\/#organization"},"potentialAction":[{"@type":"SearchAction","target":{"@type":"EntryPoint","urlTemplate":"https:\/\/saigoncosmetics.com\/?s={search_term_string}"},"query-input":{"@type":"PropertyValueSpecification","valueRequired":true,"valueName":"search_term_string"}}],"inLanguage":"vi"},{"@type":"Organization","@id":"https:\/\/saigoncosmetics.com\/#organization","name":"SCC","url":"https:\/\/saigoncosmetics.com\/","logo":{"@type":"ImageObject","inLanguage":"vi","@id":"https:\/\/saigoncosmetics.com\/#\/schema\/logo\/image\/","url":"https:\/\/saigoncosmetics.com\/wp-content\/uploads\/2025\/12\/cropped-logo-1.png","contentUrl":"https:\/\/saigoncosmetics.com\/wp-content\/uploads\/2025\/12\/cropped-logo-1.png","width":450,"height":183,"caption":"SCC"},"image":{"@id":"https:\/\/saigoncosmetics.com\/#\/schema\/logo\/image\/"}}]}},"_links":{"self":[{"href":"https:\/\/saigoncosmetics.com\/vi\/wp-json\/wp\/v2\/product\/6291","targetHints":{"allow":["GET"]}}],"collection":[{"href":"https:\/\/saigoncosmetics.com\/vi\/wp-json\/wp\/v2\/product"}],"about":[{"href":"https:\/\/saigoncosmetics.com\/vi\/wp-json\/wp\/v2\/types\/product"}],"replies":[{"embeddable":true,"href":"https:\/\/saigoncosmetics.com\/vi\/wp-json\/wp\/v2\/comments?post=6291"}],"wp:featuredmedia":[{"embeddable":true,"href":"https:\/\/saigoncosmetics.com\/vi\/wp-json\/wp\/v2\/media\/8804"}],"wp:attachment":[{"href":"https:\/\/saigoncosmetics.com\/vi\/wp-json\/wp\/v2\/media?parent=6291"}],"wp:term":[{"taxonomy":"product_cat","embeddable":true,"href":"https:\/\/saigoncosmetics.com\/vi\/wp-json\/wp\/v2\/product_cat?post=6291"},{"taxonomy":"product_tag","embeddable":true,"href":"https:\/\/saigoncosmetics.com\/vi\/wp-json\/wp\/v2\/product_tag?post=6291"}],"curies":[{"name":"wp","href":"https:\/\/api.w.org\/{rel}","templated":true}]}}