{"id":7200,"date":"2026-01-04T00:55:07","date_gmt":"2026-01-04T00:55:07","guid":{"rendered":"https:\/\/saigoncosmetics.henrydaiit.com\/?post_type=product&#038;p=7200"},"modified":"2026-04-16T03:47:17","modified_gmt":"2026-04-16T03:47:17","slug":"https-hoarient-com-products-miss-viet-nam-hue-n32-edp-35ml","status":"publish","type":"product","link":"https:\/\/saigoncosmetics.com\/vi\/san-pham\/https-hoarient-com-products-miss-viet-nam-hue-n32-edp-35ml\/","title":{"rendered":"Miss Vietnam \u2013 HUE (N32)"},"content":{"rendered":"<h3>\u0110\u1eb7c \u0111i\u1ec3m n\u1ed5i b\u1eadt<\/h3>\n<p><strong>Th\u01b0\u01a1ng hi\u1ec7u:<\/strong>\u00a0Miss Vietnam<\/p>\n<p><strong>Dung t\u00edch:<\/strong>\u00a035ml<\/p>\n<p><strong>M\u00f9i h\u01b0\u01a1ng:<\/strong>\u00a0mang phong c\u00e1ch d\u1ecbu d\u00e0ng, quy\u1ebfn r\u0169<\/p>\n<p><strong>\u0110\u1ed9 l\u01b0u h\u01b0\u01a1ng:<\/strong>\u00a06 &#8211; 8 ti\u1ebfng<\/p>\n<p><strong>\u0110\u1ed9 to\u1ea3 h\u01b0\u01a1ng:\u00a0<\/strong>b\u00e1n k\u00ednh 2 m\u00e9t<\/p>\n<p><strong>Nh\u00f3m h\u01b0\u01a1ng:\u00a0<\/strong>h\u01b0\u01a1ng hoa<\/p>\n<h3>M\u00f4 t\u1ea3 s\u1ea3n ph\u1ea9m<\/h3>\n<p>N\u01b0\u1edbc hoa n\u1eef Miss Vietnam \u2013 Hue N32 n\u1eb1m trong b\u1ed9 s\u01b0u t\u1eadp n\u01b0\u1edbc hoa cao c\u1ea5p Miss Vietnam c\u00f3 nguy\u00ean li\u1ec7u \u0111\u01b0\u1ee3c nh\u1eadp kh\u1ea9u 100% t\u1eeb c\u00e1c c\u00f4ng ty h\u01b0\u01a1ng li\u1ec7u n\u01b0\u1edbc hoa n\u1ed5i ti\u00eang tr\u00ean th\u1ebf gi\u1edbi. \u0110\u00e2y l\u00e0 m\u1ed9t d\u00f2ng s\u1ea3n ph\u1ea9m mang \u0111\u1eadm v\u0103n h\u00f3a Vi\u1ec7t Nam.<\/p>\n<p>N\u01b0\u1edbc\u00a0hoa\u00a0Miss Vietnam &#8211; Hue N32 c\u00f3 m\u00f9i h\u01b0\u01a1ng mang phong c\u00e1ch d\u1ecbu d\u00e0ng nh\u01b0ng \u0111\u1ea7y quy\u1ebfn r\u0169\u00a0\u0111\u1eadm ch\u1ea5t Hu\u1ebf. T\u1ea7ng h\u01b0\u01a1ng \u0111\u1ea7u ti\u00ean c\u00f3\u00a0m\u1ed9t ch\u00fat\u00a0ng\u1ecdt ng\u00e0o n\u1ed3ng n\u00e0ng v\u1edbi h\u01b0\u01a1ng c\u00e1nh hoa h\u1ed3ng v\u00e0 cam Bergamot. T\u1ea7ng h\u01b0\u01a1ng ti\u1ebfp\u00a0theo\u00a0l\u01b0u l\u1ea1i c\u00f9ng m\u00f9i h\u01b0\u01a1ng thanh tao nh\u1eb9 nh\u00e0ng c\u1ee7a hoa sen h\u00f2a quy\u1ec7n c\u00f9ng hoa h\u1ed3ng. T\u1ea7ng h\u01b0\u01a1ng cu\u1ed1i c\u00f9ng l\u1eafng \u0111\u1ed9ng n\u1ed3ng \u1ea5m v\u1edbi h\u01b0\u01a1ng g\u1ed7 tuy\u1ebft t\u00f9ng v\u00e0 x\u1ea1 h\u01b0\u01a1ng.<\/p>\n<h3>C\u00e1c t\u1ea7ng h\u01b0\u01a1ng<\/h3>\n<p><strong>H\u01b0\u01a1ng \u0111\u1ea7u:\u00a0<\/strong>c\u00e1nh<strong>\u00a0<\/strong>hoa h\u1ed3ng, cam bergamot<\/p>\n<p><strong>H\u01b0\u01a1ng gi\u1eefa:\u00a0<\/strong>hoa sen, hoa h\u1ed3ng<\/p>\n<p><strong>H\u01b0\u01a1ng cu\u1ed1i:\u00a0<\/strong>g\u1ed7 tuy\u1ebft t\u00f9ng, h\u1ed5 ph\u00e1ch, x\u1ea1 h\u01b0\u01a1ng<\/p>\n<h3>Thi\u1ebft k\u1ebf s\u1ea3n ph\u1ea9m<\/h3>\n<p>Chai n\u01b0\u1edbc hoa c\u00f3 thi\u1ebft k\u1ebf\u00a0h\u00ecnh d\u00e1ng thi\u1ebfu n\u1eef x\u1ee9 Hu\u1ebf trong b\u1ed9 \u00e1o d\u00e0i kh\u0103n \u0111\u00f3ng truy\u1ec1n th\u1ed1ng,\u00a0c\u00f9ng\u00a0v\u1edbi\u00a0bao b\u00ec sang tr\u1ecdng, b\u1eaft m\u1eaft. V\u1ecf chai \u0111\u01b0\u1ee3c l\u00e0m t\u1eeb g\u1ed1m s\u1ee9 Minh Long cao c\u1ea5p, \u0111\u01b0\u1ee3c tr\u00e1ng men 2 l\u1edbp v\u00e0 c\u00e1c ho\u1ea1 ti\u1ebft \u0111\u01b0\u1ee3c c\u00e1c ngh\u1ec7 nh\u00e2n v\u1ebd ho\u00e0n to\u00e0n b\u1eb1ng tay. \u0110i\u1ec3m xuy\u1ebfn tr\u00ean v\u1ecf chai l\u00e0 nguy\u00ean li\u1ec7u v\u00e0ng 18k \u0111\u1ea7y \u0111\u1eb3ng c\u1ea5p v\u00e0 gi\u00e1 tr\u1ecb.<\/p>\n<h3>H\u01b0\u1edbng d\u1eabn s\u1eed d\u1ee5ng:<\/h3>\n<p>H\u01b0\u1edbng v\u00f2i x\u1ecbt v\u00e0o v\u1ecb tr\u00ed c\u1ea7n x\u1ecbt, c\u00e1ch c\u01a1 th\u1ec3 kho\u1ea3ng 15 &#8211; 20 cm.<\/p>\n<p>X\u1ecbt \u1edf nh\u1eefng v\u00f9ng c\u01a1 th\u1ec3 t\u1eadp trung nhi\u1ec1u m\u1ea1ch m\u00e1u, da \u1ea9m v\u00e0 nh\u1ea1y c\u1ea3m nh\u01b0 c\u1ed5 tay, sau g\u00e1y, gi\u1eefa ng\u1ef1c, \u0111\u1ec3 h\u01b0\u01a1ng th\u01a1m c\u00f3 th\u1ec3 khu\u1ebfch t\u00e1n \u0111\u1ed3ng th\u1eddi c\u0169ng gi\u1eef m\u00f9i \u0111\u01b0\u1ee3c l\u00e2u h\u01a1n.<\/p>\n<p>H\u1ea1n ch\u1ebf x\u1ecbt tr\u1ef1c ti\u1ebfp l\u00ean qu\u1ea7n \u00e1o v\u00e0 \u0111\u1ed3 trang s\u1ee9c. C\u1ea5t n\u01b0\u1edbc hoa \u1edf nh\u1eefng n\u01a1i tho\u00e1ng m\u00e1t, kh\u00f4ng b\u1ecb \u00e1nh n\u1eafng chi\u1ebfu tr\u1ef1c ti\u1ebfp v\u00e0o s\u1ebd gi\u00fap chai n\u01b0\u1edbc hoa kh\u00f4ng b\u1ecb bi\u1ebfn ch\u1ea5t, m\u1ea5t m\u00f9i.<\/p>\n<p><strong>L\u01b0u \u00fd:<\/strong>\u00a0\u0110\u1ed9 l\u01b0u h\u01b0\u01a1ng t\u00f9y v\u00e0o c\u01a1 \u0111\u1ecba m\u1ed7i ng\u01b0\u1eddi v\u00e0 ho\u00e0n c\u1ea3nh s\u1eed d\u1ee5ng \u0110\u1ec3 tr\u00e1nh xa t\u1ea7m tay tr\u1ebb em.<\/p>\n<p>C\u00d4NG TY C\u1ed4 PH\u1ea6N M\u1ef8 PH\u1ea8M S\u00c0I G\u00d2N<\/p>\n<p>930 Nguy\u1ec5n Th\u1ecb \u0110\u1ecbnh, Khu C\u00f4ng nghi\u00eap C\u00e1t L\u00e1i (C\u1ee5m II), Ph\u01b0\u1eddng C\u00e1t L\u00e1i, Th\u00e0nh ph\u1ed1 H\u1ed3 Ch\u00ed Minh, Vi\u1ec7t Nam.<br \/>\nS\u1ea3n xu\u1ea5t t\u1ea1i Vi\u1ec7t Nam.<\/p>\n<p>Manufactured by:<\/p>\n<p>C\u00d4NG TY M\u1ef8 PH\u1ea8M S\u00c0I G\u00d2N<br \/>\n930 Nguyen Thi Dinh Street,Cat Lai Industrial Zone (Block II), Cat Lai Ward, Ho Chi Minh City, Vietnam.<br \/>\nMade in Vietnam.<\/p>","protected":false},"excerpt":{"rendered":"<p>\u0110\u1eb7c \u0111i\u1ec3m n\u1ed5i b\u1eadt Th\u01b0\u01a1ng hi\u1ec7u:\u00a0Miss Vietnam Dung t\u00edch:\u00a035ml M\u00f9i h\u01b0\u01a1ng:\u00a0mang phong c\u00e1ch d\u1ecbu d\u00e0ng, quy\u1ebfn r\u0169 \u0110\u1ed9 l\u01b0u h\u01b0\u01a1ng:\u00a06 &#8211; 8 ti\u1ebfng \u0110\u1ed9 to\u1ea3 h\u01b0\u01a1ng:\u00a0b\u00e1n k\u00ednh 2 m\u00e9t Nh\u00f3m h\u01b0\u01a1ng:\u00a0h\u01b0\u01a1ng hoa M\u00f4 t\u1ea3 s\u1ea3n ph\u1ea9m N\u01b0\u1edbc hoa n\u1eef Miss Vietnam \u2013 Hue N32 n\u1eb1m trong b\u1ed9 s\u01b0u t\u1eadp n\u01b0\u1edbc hoa cao c\u1ea5p Miss Vietnam [&hellip;]<\/p>\n","protected":false},"featured_media":8796,"comment_status":"open","ping_status":"closed","template":"","meta":[],"product_cat":[145,147],"product_tag":[],"class_list":{"0":"post-7200","1":"product","2":"type-product","3":"status-publish","4":"has-post-thumbnail","6":"product_cat-premium-perfume","7":"product_cat-miss-vietnam","9":"first","10":"instock","11":"shipping-taxable","12":"product-type-external"},"yoast_head":"<!-- This site is optimized with the Yoast SEO plugin v27.1.1 - https:\/\/yoast.com\/product\/yoast-seo-wordpress\/ -->\n<title>Miss Vietnam \u2013 HUE (N32) - SCC<\/title>\n<meta name=\"robots\" content=\"index, follow, max-snippet:-1, max-image-preview:large, max-video-preview:-1\" \/>\n<link rel=\"canonical\" href=\"https:\/\/saigoncosmetics.com\/vi\/san-pham\/https-hoarient-com-products-miss-viet-nam-hue-n32-edp-35ml\/\" \/>\n<meta property=\"og:locale\" content=\"vi_VN\" \/>\n<meta property=\"og:type\" content=\"article\" \/>\n<meta property=\"og:title\" content=\"Miss Vietnam \u2013 HUE (N32) - SCC\" \/>\n<meta property=\"og:description\" content=\"\u0110\u1eb7c \u0111i\u1ec3m n\u1ed5i b\u1eadt Th\u01b0\u01a1ng hi\u1ec7u:\u00a0Miss Vietnam Dung t\u00edch:\u00a035ml M\u00f9i h\u01b0\u01a1ng:\u00a0mang phong c\u00e1ch d\u1ecbu d\u00e0ng, quy\u1ebfn r\u0169 \u0110\u1ed9 l\u01b0u h\u01b0\u01a1ng:\u00a06 &#8211; 8 ti\u1ebfng \u0110\u1ed9 to\u1ea3 h\u01b0\u01a1ng:\u00a0b\u00e1n k\u00ednh 2 m\u00e9t Nh\u00f3m h\u01b0\u01a1ng:\u00a0h\u01b0\u01a1ng hoa M\u00f4 t\u1ea3 s\u1ea3n ph\u1ea9m N\u01b0\u1edbc hoa n\u1eef Miss Vietnam \u2013 Hue N32 n\u1eb1m trong b\u1ed9 s\u01b0u t\u1eadp n\u01b0\u1edbc hoa cao c\u1ea5p Miss Vietnam [&hellip;]\" \/>\n<meta property=\"og:url\" content=\"https:\/\/saigoncosmetics.com\/vi\/san-pham\/https-hoarient-com-products-miss-viet-nam-hue-n32-edp-35ml\/\" \/>\n<meta property=\"og:site_name\" content=\"SCC\" \/>\n<meta property=\"article:modified_time\" content=\"2026-04-16T03:47:17+00:00\" \/>\n<meta property=\"og:image\" content=\"https:\/\/saigoncosmetics.com\/wp-content\/uploads\/2026\/01\/HUE-EAU-DE-PARFUM.jpg\" \/>\n\t<meta property=\"og:image:width\" content=\"900\" \/>\n\t<meta property=\"og:image:height\" content=\"900\" \/>\n\t<meta property=\"og:image:type\" content=\"image\/jpeg\" \/>\n<meta name=\"twitter:card\" content=\"summary_large_image\" \/>\n<meta name=\"twitter:label1\" content=\"\u01af\u1edbc t\u00ednh th\u1eddi gian \u0111\u1ecdc\" \/>\n\t<meta name=\"twitter:data1\" content=\"3 ph\u00fat\" \/>\n<script type=\"application\/ld+json\" class=\"yoast-schema-graph\">{\"@context\":\"https:\/\/schema.org\",\"@graph\":[{\"@type\":\"WebPage\",\"@id\":\"https:\/\/saigoncosmetics.com\/product\/https-hoarient-com-products-miss-viet-nam-hue-n32-edp-35ml\/\",\"url\":\"https:\/\/saigoncosmetics.com\/product\/https-hoarient-com-products-miss-viet-nam-hue-n32-edp-35ml\/\",\"name\":\"Miss Vietnam \u2013 HUE (N32) - SCC\",\"isPartOf\":{\"@id\":\"https:\/\/saigoncosmetics.com\/#website\"},\"primaryImageOfPage\":{\"@id\":\"https:\/\/saigoncosmetics.com\/product\/https-hoarient-com-products-miss-viet-nam-hue-n32-edp-35ml\/#primaryimage\"},\"image\":{\"@id\":\"https:\/\/saigoncosmetics.com\/product\/https-hoarient-com-products-miss-viet-nam-hue-n32-edp-35ml\/#primaryimage\"},\"thumbnailUrl\":\"https:\/\/saigoncosmetics.com\/wp-content\/uploads\/2026\/01\/HUE-EAU-DE-PARFUM.jpg\",\"datePublished\":\"2026-01-04T00:55:07+00:00\",\"dateModified\":\"2026-04-16T03:47:17+00:00\",\"breadcrumb\":{\"@id\":\"https:\/\/saigoncosmetics.com\/product\/https-hoarient-com-products-miss-viet-nam-hue-n32-edp-35ml\/#breadcrumb\"},\"inLanguage\":\"vi\",\"potentialAction\":[{\"@type\":\"ReadAction\",\"target\":[\"https:\/\/saigoncosmetics.com\/product\/https-hoarient-com-products-miss-viet-nam-hue-n32-edp-35ml\/\"]}]},{\"@type\":\"ImageObject\",\"inLanguage\":\"vi\",\"@id\":\"https:\/\/saigoncosmetics.com\/product\/https-hoarient-com-products-miss-viet-nam-hue-n32-edp-35ml\/#primaryimage\",\"url\":\"https:\/\/saigoncosmetics.com\/wp-content\/uploads\/2026\/01\/HUE-EAU-DE-PARFUM.jpg\",\"contentUrl\":\"https:\/\/saigoncosmetics.com\/wp-content\/uploads\/2026\/01\/HUE-EAU-DE-PARFUM.jpg\",\"width\":900,\"height\":900},{\"@type\":\"BreadcrumbList\",\"@id\":\"https:\/\/saigoncosmetics.com\/product\/https-hoarient-com-products-miss-viet-nam-hue-n32-edp-35ml\/#breadcrumb\",\"itemListElement\":[{\"@type\":\"ListItem\",\"position\":1,\"name\":\"Home\",\"item\":\"https:\/\/saigoncosmetics.com\/\"},{\"@type\":\"ListItem\",\"position\":2,\"name\":\"Shop\",\"item\":\"https:\/\/saigoncosmetics.com\/shop\/\"},{\"@type\":\"ListItem\",\"position\":3,\"name\":\"Miss Vietnam \u2013 HUE (N32)\"}]},{\"@type\":\"WebSite\",\"@id\":\"https:\/\/saigoncosmetics.com\/#website\",\"url\":\"https:\/\/saigoncosmetics.com\/\",\"name\":\"SCC\",\"description\":\"\",\"publisher\":{\"@id\":\"https:\/\/saigoncosmetics.com\/#organization\"},\"potentialAction\":[{\"@type\":\"SearchAction\",\"target\":{\"@type\":\"EntryPoint\",\"urlTemplate\":\"https:\/\/saigoncosmetics.com\/?s={search_term_string}\"},\"query-input\":{\"@type\":\"PropertyValueSpecification\",\"valueRequired\":true,\"valueName\":\"search_term_string\"}}],\"inLanguage\":\"vi\"},{\"@type\":\"Organization\",\"@id\":\"https:\/\/saigoncosmetics.com\/#organization\",\"name\":\"SCC\",\"url\":\"https:\/\/saigoncosmetics.com\/\",\"logo\":{\"@type\":\"ImageObject\",\"inLanguage\":\"vi\",\"@id\":\"https:\/\/saigoncosmetics.com\/#\/schema\/logo\/image\/\",\"url\":\"https:\/\/saigoncosmetics.com\/wp-content\/uploads\/2025\/12\/cropped-logo-1.png\",\"contentUrl\":\"https:\/\/saigoncosmetics.com\/wp-content\/uploads\/2025\/12\/cropped-logo-1.png\",\"width\":450,\"height\":183,\"caption\":\"SCC\"},\"image\":{\"@id\":\"https:\/\/saigoncosmetics.com\/#\/schema\/logo\/image\/\"}}]}<\/script>\n<!-- \/ Yoast SEO plugin. -->","yoast_head_json":{"title":"Miss Vietnam \u2013 HUE (N32) - SCC","robots":{"index":"index","follow":"follow","max-snippet":"max-snippet:-1","max-image-preview":"max-image-preview:large","max-video-preview":"max-video-preview:-1"},"canonical":"https:\/\/saigoncosmetics.com\/vi\/san-pham\/https-hoarient-com-products-miss-viet-nam-hue-n32-edp-35ml\/","og_locale":"vi_VN","og_type":"article","og_title":"Miss Vietnam \u2013 HUE (N32) - SCC","og_description":"\u0110\u1eb7c \u0111i\u1ec3m n\u1ed5i b\u1eadt Th\u01b0\u01a1ng hi\u1ec7u:\u00a0Miss Vietnam Dung t\u00edch:\u00a035ml M\u00f9i h\u01b0\u01a1ng:\u00a0mang phong c\u00e1ch d\u1ecbu d\u00e0ng, quy\u1ebfn r\u0169 \u0110\u1ed9 l\u01b0u h\u01b0\u01a1ng:\u00a06 &#8211; 8 ti\u1ebfng \u0110\u1ed9 to\u1ea3 h\u01b0\u01a1ng:\u00a0b\u00e1n k\u00ednh 2 m\u00e9t Nh\u00f3m h\u01b0\u01a1ng:\u00a0h\u01b0\u01a1ng hoa M\u00f4 t\u1ea3 s\u1ea3n ph\u1ea9m N\u01b0\u1edbc hoa n\u1eef Miss Vietnam \u2013 Hue N32 n\u1eb1m trong b\u1ed9 s\u01b0u t\u1eadp n\u01b0\u1edbc hoa cao c\u1ea5p Miss Vietnam [&hellip;]","og_url":"https:\/\/saigoncosmetics.com\/vi\/san-pham\/https-hoarient-com-products-miss-viet-nam-hue-n32-edp-35ml\/","og_site_name":"SCC","article_modified_time":"2026-04-16T03:47:17+00:00","og_image":[{"width":900,"height":900,"url":"https:\/\/saigoncosmetics.com\/wp-content\/uploads\/2026\/01\/HUE-EAU-DE-PARFUM.jpg","type":"image\/jpeg"}],"twitter_card":"summary_large_image","twitter_misc":{"\u01af\u1edbc t\u00ednh th\u1eddi gian \u0111\u1ecdc":"3 ph\u00fat"},"schema":{"@context":"https:\/\/schema.org","@graph":[{"@type":"WebPage","@id":"https:\/\/saigoncosmetics.com\/product\/https-hoarient-com-products-miss-viet-nam-hue-n32-edp-35ml\/","url":"https:\/\/saigoncosmetics.com\/product\/https-hoarient-com-products-miss-viet-nam-hue-n32-edp-35ml\/","name":"Miss Vietnam \u2013 HUE (N32) - SCC","isPartOf":{"@id":"https:\/\/saigoncosmetics.com\/#website"},"primaryImageOfPage":{"@id":"https:\/\/saigoncosmetics.com\/product\/https-hoarient-com-products-miss-viet-nam-hue-n32-edp-35ml\/#primaryimage"},"image":{"@id":"https:\/\/saigoncosmetics.com\/product\/https-hoarient-com-products-miss-viet-nam-hue-n32-edp-35ml\/#primaryimage"},"thumbnailUrl":"https:\/\/saigoncosmetics.com\/wp-content\/uploads\/2026\/01\/HUE-EAU-DE-PARFUM.jpg","datePublished":"2026-01-04T00:55:07+00:00","dateModified":"2026-04-16T03:47:17+00:00","breadcrumb":{"@id":"https:\/\/saigoncosmetics.com\/product\/https-hoarient-com-products-miss-viet-nam-hue-n32-edp-35ml\/#breadcrumb"},"inLanguage":"vi","potentialAction":[{"@type":"ReadAction","target":["https:\/\/saigoncosmetics.com\/product\/https-hoarient-com-products-miss-viet-nam-hue-n32-edp-35ml\/"]}]},{"@type":"ImageObject","inLanguage":"vi","@id":"https:\/\/saigoncosmetics.com\/product\/https-hoarient-com-products-miss-viet-nam-hue-n32-edp-35ml\/#primaryimage","url":"https:\/\/saigoncosmetics.com\/wp-content\/uploads\/2026\/01\/HUE-EAU-DE-PARFUM.jpg","contentUrl":"https:\/\/saigoncosmetics.com\/wp-content\/uploads\/2026\/01\/HUE-EAU-DE-PARFUM.jpg","width":900,"height":900},{"@type":"BreadcrumbList","@id":"https:\/\/saigoncosmetics.com\/product\/https-hoarient-com-products-miss-viet-nam-hue-n32-edp-35ml\/#breadcrumb","itemListElement":[{"@type":"ListItem","position":1,"name":"Home","item":"https:\/\/saigoncosmetics.com\/"},{"@type":"ListItem","position":2,"name":"Shop","item":"https:\/\/saigoncosmetics.com\/shop\/"},{"@type":"ListItem","position":3,"name":"Miss Vietnam \u2013 HUE (N32)"}]},{"@type":"WebSite","@id":"https:\/\/saigoncosmetics.com\/#website","url":"https:\/\/saigoncosmetics.com\/","name":"SCC","description":"","publisher":{"@id":"https:\/\/saigoncosmetics.com\/#organization"},"potentialAction":[{"@type":"SearchAction","target":{"@type":"EntryPoint","urlTemplate":"https:\/\/saigoncosmetics.com\/?s={search_term_string}"},"query-input":{"@type":"PropertyValueSpecification","valueRequired":true,"valueName":"search_term_string"}}],"inLanguage":"vi"},{"@type":"Organization","@id":"https:\/\/saigoncosmetics.com\/#organization","name":"SCC","url":"https:\/\/saigoncosmetics.com\/","logo":{"@type":"ImageObject","inLanguage":"vi","@id":"https:\/\/saigoncosmetics.com\/#\/schema\/logo\/image\/","url":"https:\/\/saigoncosmetics.com\/wp-content\/uploads\/2025\/12\/cropped-logo-1.png","contentUrl":"https:\/\/saigoncosmetics.com\/wp-content\/uploads\/2025\/12\/cropped-logo-1.png","width":450,"height":183,"caption":"SCC"},"image":{"@id":"https:\/\/saigoncosmetics.com\/#\/schema\/logo\/image\/"}}]}},"_links":{"self":[{"href":"https:\/\/saigoncosmetics.com\/vi\/wp-json\/wp\/v2\/product\/7200","targetHints":{"allow":["GET"]}}],"collection":[{"href":"https:\/\/saigoncosmetics.com\/vi\/wp-json\/wp\/v2\/product"}],"about":[{"href":"https:\/\/saigoncosmetics.com\/vi\/wp-json\/wp\/v2\/types\/product"}],"replies":[{"embeddable":true,"href":"https:\/\/saigoncosmetics.com\/vi\/wp-json\/wp\/v2\/comments?post=7200"}],"wp:featuredmedia":[{"embeddable":true,"href":"https:\/\/saigoncosmetics.com\/vi\/wp-json\/wp\/v2\/media\/8796"}],"wp:attachment":[{"href":"https:\/\/saigoncosmetics.com\/vi\/wp-json\/wp\/v2\/media?parent=7200"}],"wp:term":[{"taxonomy":"product_cat","embeddable":true,"href":"https:\/\/saigoncosmetics.com\/vi\/wp-json\/wp\/v2\/product_cat?post=7200"},{"taxonomy":"product_tag","embeddable":true,"href":"https:\/\/saigoncosmetics.com\/vi\/wp-json\/wp\/v2\/product_tag?post=7200"}],"curies":[{"name":"wp","href":"https:\/\/api.w.org\/{rel}","templated":true}]}}